{"id":6719,"date":"2021-10-09T18:51:33","date_gmt":"2021-10-09T18:51:33","guid":{"rendered":"https:\/\/genfulfillment.com\/gen\/?page_id=6719"},"modified":"2022-10-27T14:07:35","modified_gmt":"2022-10-27T14:07:35","slug":"uber-uns","status":"publish","type":"page","link":"https:\/\/transgoodlojistik.com\/de\/uber-uns\/","title":{"rendered":"\u00dcber uns"},"content":{"rendered":"[vc_row type=&#8221;full_width_background&#8221; full_screen_row_position=&#8221;middle&#8221; bg_color=&#8221;#121212&#8243; scene_position=&#8221;center&#8221; text_color=&#8221;light&#8221; text_align=&#8221;left&#8221; top_padding=&#8221;50&#8243; bottom_padding=&#8221;50&#8243; overlay_strength=&#8221;0.3&#8243; shape_divider_position=&#8221;bottom&#8221; bg_image_animation=&#8221;none&#8221; shape_type=&#8221;&#8221;][vc_column column_padding=&#8221;no-extra-padding&#8221; column_padding_position=&#8221;all&#8221; background_color_opacity=&#8221;1&#8243; background_hover_color_opacity=&#8221;1&#8243; column_link_target=&#8221;_self&#8221; column_shadow=&#8221;none&#8221; column_border_radius=&#8221;none&#8221; width=&#8221;1\/1&#8243; tablet_width_inherit=&#8221;default&#8221; tablet_text_alignment=&#8221;default&#8221; phone_text_alignment=&#8221;default&#8221; column_border_width=&#8221;none&#8221; column_border_style=&#8221;solid&#8221; bg_image_animation=&#8221;none&#8221;][nectar_gradient_text heading_tag=&#8221;h3&#8243; color=&#8221;extra-color-gradient-1&#8243; gradient_direction=&#8221;horizontal&#8221; text=&#8221;\u201eIhr L\u00f6sungspartner f\u00fcr Transporte in jede Region der Welt.\u201c&#8221;][\/vc_column][\/vc_row][vc_row type=&#8221;full_width_background&#8221; full_screen_row_position=&#8221;middle&#8221; bg_color=&#8221;#121212&#8243; scene_position=&#8221;center&#8221; text_color=&#8221;light&#8221; text_align=&#8221;left&#8221; bottom_padding=&#8221;50&#8243; overlay_strength=&#8221;0.3&#8243; shape_divider_position=&#8221;bottom&#8221; bg_image_animation=&#8221;none&#8221; shape_type=&#8221;&#8221;][vc_column column_padding=&#8221;no-extra-padding&#8221; column_padding_position=&#8221;all&#8221; background_color_opacity=&#8221;1&#8243; background_hover_color_opacity=&#8221;1&#8243; font_color=&#8221;#ffffff&#8221; column_link_target=&#8221;_self&#8221; column_shadow=&#8221;none&#8221; column_border_radius=&#8221;none&#8221; width=&#8221;1\/2&#8243; tablet_width_inherit=&#8221;default&#8221; tablet_text_alignment=&#8221;default&#8221; phone_text_alignment=&#8221;default&#8221; column_border_width=&#8221;none&#8221; column_border_style=&#8221;solid&#8221; bg_image_animation=&#8221;none&#8221;][vc_column_text]\n<div class=\"li-content\">\n<p><strong><u>\u00dcber uns<\/u><\/strong><\/p>\n<p>Mit 17 Jahren Erfahrung und Wissen im internationalen Transportsektor ist die Vision von TRANSGOOD\u00a0 mit der Mission, transparente, innovative und zentrale Logistikl\u00f6sungen f\u00fcr internationale Unternehmen als Spediteur bereitzustellen wie folgt gegliedert; Die Vision des Unternehmens, das weiterhin durchg\u00e4ngig integrierte Logistikdienstleistungen auf dem globalen Markt anbietet, ist es, alle Export-, Import- und Transittransportanforderungen der Kunden mit den am besten geeigneten Transportalternativen umweltfreundlich zu l\u00f6sen und den genauestes und zuverl\u00e4ssigsten Transportdienst anzubieten.<\/p>\n<p>Mit seinem reichhaltigen Fahrzeugangebot, seinem Fachpersonal und seiner internationalen Erfahrung in einer weiten geografischen Region, einschlie\u00dflich asiatischer und europ\u00e4ischer Regionen, bietet es Stra\u00dfen-, Schienen-, See- und Luftdienste sowie multimodale und intermodale L\u00f6sungen an, die auf die Bed\u00fcrfnisse seiner Kunden zugeschnitten sind, und stellt gleichzeitig Dienstleistungen in den Bereichen Lagerung, Verzollung und Versicherung bereit.<\/p>\n<\/div>\n[\/vc_column_text][\/vc_column][vc_column centered_text=&#8221;true&#8221; column_padding=&#8221;no-extra-padding&#8221; column_padding_position=&#8221;all&#8221; background_color_opacity=&#8221;1&#8243; background_hover_color_opacity=&#8221;1&#8243; column_link_target=&#8221;_self&#8221; column_shadow=&#8221;none&#8221; column_border_radius=&#8221;none&#8221; width=&#8221;1\/2&#8243; tablet_width_inherit=&#8221;default&#8221; tablet_text_alignment=&#8221;default&#8221; phone_text_alignment=&#8221;default&#8221; column_border_width=&#8221;none&#8221; column_border_style=&#8221;solid&#8221; bg_image_animation=&#8221;none&#8221;][vc_video link=&#8221;https:\/\/www.youtube.com\/watch?v=EBCtghJKQtA&amp;t=25s&#8221;][\/vc_column][\/vc_row][vc_row type=&#8221;in_container&#8221; full_screen_row_position=&#8221;middle&#8221; scene_position=&#8221;center&#8221; text_color=&#8221;dark&#8221; text_align=&#8221;left&#8221; top_padding=&#8221;2%&#8221; bottom_padding=&#8221;2%&#8221; overlay_strength=&#8221;0.3&#8243; shape_divider_position=&#8221;bottom&#8221; bg_image_animation=&#8221;none&#8221; shape_type=&#8221;&#8221;][vc_column column_padding=&#8221;no-extra-padding&#8221; column_padding_position=&#8221;all&#8221; background_color_opacity=&#8221;1&#8243; background_hover_color_opacity=&#8221;1&#8243; column_link_target=&#8221;_self&#8221; column_shadow=&#8221;none&#8221; column_border_radius=&#8221;none&#8221; width=&#8221;1\/2&#8243; tablet_width_inherit=&#8221;default&#8221; tablet_text_alignment=&#8221;default&#8221; phone_text_alignment=&#8221;default&#8221; column_border_width=&#8221;none&#8221; column_border_style=&#8221;solid&#8221; bg_image_animation=&#8221;none&#8221;][vc_column_text]\n<div class=\"li-content\">\n<p><strong>Qualit\u00e4ts-, Umwelt- und Arbeitsschutzrichtlinie<\/strong><\/p>\n<p>Es hat die Mission, die Servicequalit\u00e4t zu steigern, indem es auf kontinuierliche Verbesserung abzielt und den Wandel, die Transformation und die Technologie im Logistiksektor verfolgt. Es hat die Mission, die Servicequalit\u00e4t zu erh\u00f6hen, indem es den Wandel, die Transformation und die Technologie im Logistiksektor verfolgt. Gleichzeitig verpflichtet es sich im Bewusstsein, k\u00fcnftigen Generationen eine bessere Welt zu hinterlassen, zur Einhaltung gesetzlicher Vorschriften durch die Anwendung von Arbeitsschutzregeln bei all unseren Aktivit\u00e4ten, zur Entwicklung des Prinzips des Umweltbewusstseins, Natur, Mensch und Umwelt im Vordergrund zu halten.<\/p>\n<\/div>\n[\/vc_column_text][image_with_animation image_url=&#8221;7319&#8243; alignment=&#8221;right&#8221; animation=&#8221;Fade In&#8221; border_radius=&#8221;10px&#8221; box_shadow=&#8221;small_depth&#8221; max_width=&#8221;100%&#8221;][\/vc_column][vc_column column_padding=&#8221;no-extra-padding&#8221; column_padding_position=&#8221;all&#8221; background_color_opacity=&#8221;1&#8243; background_hover_color_opacity=&#8221;1&#8243; column_link_target=&#8221;_self&#8221; column_shadow=&#8221;none&#8221; column_border_radius=&#8221;none&#8221; width=&#8221;1\/2&#8243; tablet_width_inherit=&#8221;default&#8221; tablet_text_alignment=&#8221;default&#8221; phone_text_alignment=&#8221;default&#8221; column_border_width=&#8221;none&#8221; column_border_style=&#8221;solid&#8221; bg_image_animation=&#8221;none&#8221;][vc_column_text]\n<div class=\"custom-heading\">\n<p><strong><u>Unsere Vision<\/u><\/strong><\/p>\n<p>Eine nachhaltige, globale Institution zu sein, die die bedingungslose Zufriedenheit ihrer Kunden gew\u00e4hrleistet, indem sie ma\u00dfgeschneiderte Dienstleistungen mit einer Qualit\u00e4t erbringt, die durch kontinuierliche Entwicklung die Erwartungen \u00fcbertroffen wird. In dem Sektor, in dem wir t\u00e4tig sind, eine dauerhafte \u00dcberlegenheit zu bieten, indem wir etwas bewirken, die Kr\u00e4fte b\u00fcndeln, die zur Entwicklung unseres Sektors beitragen.<\/p>\n<p><strong><u>Unsere Mission:<\/u><\/strong><\/p>\n<p>Ein sich stetig weiterentwickelndes Unternehmen zu sein, das seinen Kunden zuverl\u00e4ssige Dienste leistet, die Umwelt und die Gesetze respektiert, als Logistikunternehmen, das sich mit seinem kompromisslosen Qualit\u00e4tsverst\u00e4ndnis auf den Weg zu den \u201eBesten\u201c gemacht hat. Um unsere Existenz mit nachhaltiger Exzellenz und einem qualitativ hochwertigen Serviceverst\u00e4ndnis fortzusetzen, das in unserem Land und in der Welt konkurrieren kann.<\/p>\n<p><strong><u>Unsere Werte<\/u><\/strong><\/p>\n<p><strong>Wir sind kundenorientiert:<\/strong> Wir konzentrieren uns immer auf die Bed\u00fcrfnisse unserer Kunden und handeln, indem wir die Kundenzufriedenheit in den Vordergrund stellen.<\/p>\n<p><strong>Wir sind vertrauensorientiert:<\/strong> Wir bieten unseren Kunden die zuverl\u00e4ssigsten, wirtschaftlichsten und schnellsten Serviceoptionen.<\/p>\n<p><strong>Wir sind qualit\u00e4tsorientiert:<\/strong> Wir streben nach kontinuierlicher Verbesserung, indem wir unsere Qualit\u00e4tsprozesse st\u00e4ndig verfolgen.<\/p>\n<p><strong>Wir sind personalorientiert:<\/strong> Wir gestalten das Arbeitsumfeld nach den Bed\u00fcrfnissen aller unserer Mitarbeiter und tragen zum pers\u00f6nlichen Entwicklungsprozess jedes Einzelnen bei.<\/p>\n<p><strong>Wir sind Umweltfreundlich:<\/strong> W\u00e4hrend wir unserer sozialen Verantwortung als Unternehmen nachkommen, bem\u00fchen wir uns, die Umwelt zu sch\u00fctzen.<\/p>\n<\/div>\n[\/vc_column_text][\/vc_column][\/vc_row][vc_row type=&#8221;full_width_background&#8221; full_screen_row_position=&#8221;middle&#8221; bg_image=&#8221;7309&#8243; bg_position=&#8221;center center&#8221; bg_repeat=&#8221;no-repeat&#8221; scene_position=&#8221;center&#8221; text_color=&#8221;dark&#8221; text_align=&#8221;left&#8221; top_padding=&#8221;13%&#8221; bottom_padding=&#8221;9%&#8221; overlay_strength=&#8221;1&#8243; shape_divider_position=&#8221;top&#8221; shape_divider_height=&#8221;250&#8243; bg_image_animation=&#8221;fade-in&#8221; shape_type=&#8221;fan&#8221;][vc_column centered_text=&#8221;true&#8221; column_padding=&#8221;no-extra-padding&#8221; column_padding_position=&#8221;all&#8221; background_color_opacity=&#8221;1&#8243; background_hover_color_opacity=&#8221;1&#8243; column_link_target=&#8221;_self&#8221; column_shadow=&#8221;none&#8221; column_border_radius=&#8221;none&#8221; width=&#8221;1\/6&#8243; tablet_width_inherit=&#8221;default&#8221; tablet_text_alignment=&#8221;default&#8221; phone_text_alignment=&#8221;default&#8221; column_border_width=&#8221;none&#8221; column_border_style=&#8221;solid&#8221; bg_image_animation=&#8221;none&#8221;][\/vc_column][vc_column centered_text=&#8221;true&#8221; column_padding=&#8221;no-extra-padding&#8221; column_padding_position=&#8221;all&#8221; background_color_opacity=&#8221;1&#8243; background_hover_color_opacity=&#8221;1&#8243; column_link_target=&#8221;_self&#8221; column_shadow=&#8221;none&#8221; column_border_radius=&#8221;none&#8221; width=&#8221;2\/3&#8243; tablet_width_inherit=&#8221;default&#8221; tablet_text_alignment=&#8221;default&#8221; phone_text_alignment=&#8221;default&#8221; column_border_width=&#8221;none&#8221; column_border_style=&#8221;solid&#8221; bg_image_animation=&#8221;none&#8221;][vc_row_inner column_margin=&#8221;default&#8221; text_align=&#8221;left&#8221;][vc_column_inner column_padding=&#8221;no-extra-padding&#8221; column_padding_position=&#8221;all&#8221; centered_text=&#8221;true&#8221; background_color_opacity=&#8221;1&#8243; background_hover_color_opacity=&#8221;1&#8243; font_color=&#8221;#414142&#8243; column_shadow=&#8221;none&#8221; column_border_radius=&#8221;none&#8221; column_link_target=&#8221;_self&#8221; width=&#8221;1\/1&#8243; tablet_width_inherit=&#8221;default&#8221; column_border_width=&#8221;none&#8221; column_border_style=&#8221;solid&#8221; bg_image_animation=&#8221;none&#8221; enable_animation=&#8221;true&#8221; animation=&#8221;fade-in-from-bottom&#8221;][vc_column_text]\n<h2>\u201eIhr L\u00f6sungspartner f\u00fcr Transporte in jede Region der Welt.\u201c<\/h2>\n<p>info@transgoodlojistik.com[\/vc_column_text][\/vc_column_inner][\/vc_row_inner][vc_row_inner column_margin=&#8221;default&#8221; text_align=&#8221;left&#8221;][vc_column_inner column_padding=&#8221;no-extra-padding&#8221; column_padding_position=&#8221;all&#8221; background_color_opacity=&#8221;1&#8243; background_hover_color_opacity=&#8221;1&#8243; column_shadow=&#8221;none&#8221; column_border_radius=&#8221;none&#8221; column_link_target=&#8221;_self&#8221; width=&#8221;1\/1&#8243; tablet_width_inherit=&#8221;default&#8221; column_border_width=&#8221;none&#8221; column_border_style=&#8221;solid&#8221; bg_image_animation=&#8221;none&#8221; enable_animation=&#8221;true&#8221; animation=&#8221;fade-in-from-bottom&#8221; delay=&#8221;100&#8243;][image_with_animation image_url=&#8221;7472&#8243; alignment=&#8221;center&#8221; animation=&#8221;Fade In&#8221; border_radius=&#8221;none&#8221; box_shadow=&#8221;none&#8221; max_width=&#8221;100%&#8221;][\/vc_column_inner][\/vc_row_inner][\/vc_column][vc_column column_padding=&#8221;no-extra-padding&#8221; column_padding_position=&#8221;all&#8221; background_color_opacity=&#8221;1&#8243; background_hover_color_opacity=&#8221;1&#8243; column_link_target=&#8221;_self&#8221; column_shadow=&#8221;none&#8221; column_border_radius=&#8221;none&#8221; width=&#8221;1\/6&#8243; tablet_width_inherit=&#8221;default&#8221; tablet_text_alignment=&#8221;default&#8221; phone_text_alignment=&#8221;default&#8221; column_border_width=&#8221;none&#8221; column_border_style=&#8221;solid&#8221; bg_image_animation=&#8221;none&#8221;][\/vc_column][\/vc_row]\n","protected":false},"excerpt":{"rendered":"<p>[vc_row type=&#8221;full_width_background&#8221; full_screen_row_position=&#8221;middle&#8221; bg_color=&#8221;#121212&#8243; scene_position=&#8221;center&#8221; text_color=&#8221;light&#8221; text_align=&#8221;left&#8221; top_padding=&#8221;50&#8243; bottom_padding=&#8221;50&#8243; overlay_strength=&#8221;0.3&#8243; shape_divider_position=&#8221;bottom&#8221; bg_image_animation=&#8221;none&#8221; shape_type=&#8221;&#8221;][vc_column column_padding=&#8221;no-extra-padding&#8221; column_padding_position=&#8221;all&#8221; background_color_opacity=&#8221;1&#8243; background_hover_color_opacity=&#8221;1&#8243; column_link_target=&#8221;_self&#8221; column_shadow=&#8221;none&#8221; column_border_radius=&#8221;none&#8221; width=&#8221;1\/1&#8243; tablet_width_inherit=&#8221;default&#8221; tablet_text_alignment=&#8221;default&#8221; phone_text_alignment=&#8221;default&#8221; column_border_width=&#8221;none&#8221;&#8230;<\/p>\n","protected":false},"author":1,"featured_media":0,"parent":0,"menu_order":0,"comment_status":"closed","ping_status":"closed","template":"","meta":{"spay_email":""},"yoast_head":"<!-- This site is optimized with the Yoast SEO plugin v19.2 - https:\/\/yoast.com\/wordpress\/plugins\/seo\/ -->\n<title>\u00dcber uns - Transgood Logistics<\/title>\n<meta name=\"robots\" content=\"index, follow, max-snippet:-1, max-image-preview:large, max-video-preview:-1\" \/>\n<link rel=\"canonical\" href=\"https:\/\/transgoodlojistik.com\/de\/uber-uns\/\" \/>\n<meta property=\"og:locale\" content=\"tr_TR\" \/>\n<meta property=\"og:type\" content=\"article\" \/>\n<meta property=\"og:title\" content=\"\u00dcber uns - Transgood Logistics\" \/>\n<meta property=\"og:description\" content=\"[vc_row type=&#8221;full_width_background&#8221; full_screen_row_position=&#8221;middle&#8221; bg_color=&#8221;#121212&#8243; scene_position=&#8221;center&#8221; text_color=&#8221;light&#8221; text_align=&#8221;left&#8221; top_padding=&#8221;50&#8243; bottom_padding=&#8221;50&#8243; overlay_strength=&#8221;0.3&#8243; shape_divider_position=&#8221;bottom&#8221; bg_image_animation=&#8221;none&#8221; shape_type=&#8221;&#8221;][vc_column column_padding=&#8221;no-extra-padding&#8221; column_padding_position=&#8221;all&#8221; background_color_opacity=&#8221;1&#8243; background_hover_color_opacity=&#8221;1&#8243; column_link_target=&#8221;_self&#8221; column_shadow=&#8221;none&#8221; column_border_radius=&#8221;none&#8221; width=&#8221;1\/1&#8243; tablet_width_inherit=&#8221;default&#8221; tablet_text_alignment=&#8221;default&#8221; phone_text_alignment=&#8221;default&#8221; column_border_width=&#8221;none&#8221;...\" \/>\n<meta property=\"og:url\" content=\"https:\/\/transgoodlojistik.com\/de\/uber-uns\/\" \/>\n<meta property=\"og:site_name\" content=\"Transgood Logistics\" \/>\n<meta property=\"article:modified_time\" content=\"2022-10-27T14:07:35+00:00\" \/>\n<meta name=\"author\" content=\"transgood\" \/>\n<meta name=\"twitter:card\" content=\"summary_large_image\" \/>\n<meta name=\"twitter:label1\" content=\"Tahmini okuma s\u00fcresi\" \/>\n\t<meta name=\"twitter:data1\" content=\"4 dakika\" \/>\n<script type=\"application\/ld+json\" class=\"yoast-schema-graph\">{\"@context\":\"https:\/\/schema.org\",\"@graph\":[{\"@type\":\"Organization\",\"@id\":\"https:\/\/transgoodlojistik.com\/de\/#organization\",\"name\":\"Transgood Lojistik\",\"url\":\"https:\/\/transgoodlojistik.com\/de\/\",\"sameAs\":[],\"logo\":{\"@type\":\"ImageObject\",\"inLanguage\":\"tr\",\"@id\":\"https:\/\/transgoodlojistik.com\/de\/#\/schema\/logo\/image\/\",\"url\":\"https:\/\/transgoodlojistik.com\/de\/en\/wp-content\/uploads\/2022\/06\/TRANSGOOD-RAIL-1024x682.jpg\",\"contentUrl\":\"https:\/\/transgoodlojistik.com\/de\/en\/wp-content\/uploads\/2022\/06\/TRANSGOOD-RAIL-1024x682.jpg\",\"width\":1024,\"height\":682,\"caption\":\"Transgood Lojistik\"},\"image\":{\"@id\":\"https:\/\/transgoodlojistik.com\/de\/#\/schema\/logo\/image\/\"}},{\"@type\":\"WebSite\",\"@id\":\"https:\/\/transgoodlojistik.com\/de\/#website\",\"url\":\"https:\/\/transgoodlojistik.com\/de\/\",\"name\":\"Transgood Logistics\",\"description\":\"International Transport\",\"publisher\":{\"@id\":\"https:\/\/transgoodlojistik.com\/de\/#organization\"},\"potentialAction\":[{\"@type\":\"SearchAction\",\"target\":{\"@type\":\"EntryPoint\",\"urlTemplate\":\"https:\/\/transgoodlojistik.com\/de\/?s={search_term_string}\"},\"query-input\":\"required name=search_term_string\"}],\"inLanguage\":\"tr\"},{\"@type\":\"WebPage\",\"@id\":\"https:\/\/transgoodlojistik.com\/de\/uber-uns\/#webpage\",\"url\":\"https:\/\/transgoodlojistik.com\/de\/uber-uns\/\",\"name\":\"\u00dcber uns - Transgood Logistics\",\"isPartOf\":{\"@id\":\"https:\/\/transgoodlojistik.com\/de\/#website\"},\"datePublished\":\"2021-10-09T18:51:33+00:00\",\"dateModified\":\"2022-10-27T14:07:35+00:00\",\"breadcrumb\":{\"@id\":\"https:\/\/transgoodlojistik.com\/de\/uber-uns\/#breadcrumb\"},\"inLanguage\":\"tr\",\"potentialAction\":[{\"@type\":\"ReadAction\",\"target\":[\"https:\/\/transgoodlojistik.com\/de\/uber-uns\/\"]}]},{\"@type\":\"BreadcrumbList\",\"@id\":\"https:\/\/transgoodlojistik.com\/de\/uber-uns\/#breadcrumb\",\"itemListElement\":[{\"@type\":\"ListItem\",\"position\":1,\"name\":\"Anasayfa\",\"item\":\"https:\/\/transgoodlojistik.com\/de\/\"},{\"@type\":\"ListItem\",\"position\":2,\"name\":\"\u00dcber uns\"}]}]}<\/script>\n<!-- \/ Yoast SEO plugin. -->","yoast_head_json":{"title":"\u00dcber uns - Transgood Logistics","robots":{"index":"index","follow":"follow","max-snippet":"max-snippet:-1","max-image-preview":"max-image-preview:large","max-video-preview":"max-video-preview:-1"},"canonical":"https:\/\/transgoodlojistik.com\/de\/uber-uns\/","og_locale":"tr_TR","og_type":"article","og_title":"\u00dcber uns - Transgood Logistics","og_description":"[vc_row type=&#8221;full_width_background&#8221; full_screen_row_position=&#8221;middle&#8221; bg_color=&#8221;#121212&#8243; scene_position=&#8221;center&#8221; text_color=&#8221;light&#8221; text_align=&#8221;left&#8221; top_padding=&#8221;50&#8243; bottom_padding=&#8221;50&#8243; overlay_strength=&#8221;0.3&#8243; shape_divider_position=&#8221;bottom&#8221; bg_image_animation=&#8221;none&#8221; shape_type=&#8221;&#8221;][vc_column column_padding=&#8221;no-extra-padding&#8221; column_padding_position=&#8221;all&#8221; background_color_opacity=&#8221;1&#8243; background_hover_color_opacity=&#8221;1&#8243; column_link_target=&#8221;_self&#8221; column_shadow=&#8221;none&#8221; column_border_radius=&#8221;none&#8221; width=&#8221;1\/1&#8243; tablet_width_inherit=&#8221;default&#8221; tablet_text_alignment=&#8221;default&#8221; phone_text_alignment=&#8221;default&#8221; column_border_width=&#8221;none&#8221;...","og_url":"https:\/\/transgoodlojistik.com\/de\/uber-uns\/","og_site_name":"Transgood Logistics","article_modified_time":"2022-10-27T14:07:35+00:00","author":"transgood","twitter_card":"summary_large_image","twitter_misc":{"Tahmini okuma s\u00fcresi":"4 dakika"},"schema":{"@context":"https:\/\/schema.org","@graph":[{"@type":"Organization","@id":"https:\/\/transgoodlojistik.com\/de\/#organization","name":"Transgood Lojistik","url":"https:\/\/transgoodlojistik.com\/de\/","sameAs":[],"logo":{"@type":"ImageObject","inLanguage":"tr","@id":"https:\/\/transgoodlojistik.com\/de\/#\/schema\/logo\/image\/","url":"https:\/\/transgoodlojistik.com\/de\/en\/wp-content\/uploads\/2022\/06\/TRANSGOOD-RAIL-1024x682.jpg","contentUrl":"https:\/\/transgoodlojistik.com\/de\/en\/wp-content\/uploads\/2022\/06\/TRANSGOOD-RAIL-1024x682.jpg","width":1024,"height":682,"caption":"Transgood Lojistik"},"image":{"@id":"https:\/\/transgoodlojistik.com\/de\/#\/schema\/logo\/image\/"}},{"@type":"WebSite","@id":"https:\/\/transgoodlojistik.com\/de\/#website","url":"https:\/\/transgoodlojistik.com\/de\/","name":"Transgood Logistics","description":"International Transport","publisher":{"@id":"https:\/\/transgoodlojistik.com\/de\/#organization"},"potentialAction":[{"@type":"SearchAction","target":{"@type":"EntryPoint","urlTemplate":"https:\/\/transgoodlojistik.com\/de\/?s={search_term_string}"},"query-input":"required name=search_term_string"}],"inLanguage":"tr"},{"@type":"WebPage","@id":"https:\/\/transgoodlojistik.com\/de\/uber-uns\/#webpage","url":"https:\/\/transgoodlojistik.com\/de\/uber-uns\/","name":"\u00dcber uns - Transgood Logistics","isPartOf":{"@id":"https:\/\/transgoodlojistik.com\/de\/#website"},"datePublished":"2021-10-09T18:51:33+00:00","dateModified":"2022-10-27T14:07:35+00:00","breadcrumb":{"@id":"https:\/\/transgoodlojistik.com\/de\/uber-uns\/#breadcrumb"},"inLanguage":"tr","potentialAction":[{"@type":"ReadAction","target":["https:\/\/transgoodlojistik.com\/de\/uber-uns\/"]}]},{"@type":"BreadcrumbList","@id":"https:\/\/transgoodlojistik.com\/de\/uber-uns\/#breadcrumb","itemListElement":[{"@type":"ListItem","position":1,"name":"Anasayfa","item":"https:\/\/transgoodlojistik.com\/de\/"},{"@type":"ListItem","position":2,"name":"\u00dcber uns"}]}]}},"_links":{"self":[{"href":"https:\/\/transgoodlojistik.com\/de\/wp-json\/wp\/v2\/pages\/6719"}],"collection":[{"href":"https:\/\/transgoodlojistik.com\/de\/wp-json\/wp\/v2\/pages"}],"about":[{"href":"https:\/\/transgoodlojistik.com\/de\/wp-json\/wp\/v2\/types\/page"}],"author":[{"embeddable":true,"href":"https:\/\/transgoodlojistik.com\/de\/wp-json\/wp\/v2\/users\/1"}],"replies":[{"embeddable":true,"href":"https:\/\/transgoodlojistik.com\/de\/wp-json\/wp\/v2\/comments?post=6719"}],"version-history":[{"count":52,"href":"https:\/\/transgoodlojistik.com\/de\/wp-json\/wp\/v2\/pages\/6719\/revisions"}],"predecessor-version":[{"id":7623,"href":"https:\/\/transgoodlojistik.com\/de\/wp-json\/wp\/v2\/pages\/6719\/revisions\/7623"}],"wp:attachment":[{"href":"https:\/\/transgoodlojistik.com\/de\/wp-json\/wp\/v2\/media?parent=6719"}],"curies":[{"name":"wp","href":"https:\/\/api.w.org\/{rel}","templated":true}]}}