{"id":7195,"date":"2022-01-28T09:40:25","date_gmt":"2022-01-28T09:40:25","guid":{"rendered":"https:\/\/monalogistics.com\/2022\/?page_id=7195"},"modified":"2022-08-06T15:16:42","modified_gmt":"2022-08-06T15:16:42","slug":"fahrzeugtypen","status":"publish","type":"page","link":"https:\/\/transgoodlojistik.com\/de\/fahrzeugtypen\/","title":{"rendered":"Fahrzeugtypen"},"content":{"rendered":"[vc_row type=&#8221;full_width_background&#8221; full_screen_row_position=&#8221;middle&#8221; scene_position=&#8221;center&#8221; text_color=&#8221;dark&#8221; text_align=&#8221;left&#8221; top_padding=&#8221;50&#8243; bottom_padding=&#8221;50&#8243; overlay_strength=&#8221;0.3&#8243; shape_divider_position=&#8221;bottom&#8221; bg_image_animation=&#8221;none&#8221; shape_type=&#8221;&#8221;][vc_column column_padding=&#8221;no-extra-padding&#8221; column_padding_position=&#8221;all&#8221; background_color_opacity=&#8221;1&#8243; background_hover_color_opacity=&#8221;1&#8243; font_color=&#8221;#000000&#8243; column_link_target=&#8221;_self&#8221; column_shadow=&#8221;none&#8221; column_border_radius=&#8221;none&#8221; width=&#8221;1\/1&#8243; tablet_width_inherit=&#8221;default&#8221; tablet_text_alignment=&#8221;default&#8221; phone_text_alignment=&#8221;default&#8221; column_border_width=&#8221;none&#8221; column_border_style=&#8221;solid&#8221; bg_image_animation=&#8221;none&#8221;][vc_column_text]\n<h2>LKW-TYPEN UND ABMESSUNGEN F\u00dcR DEN INTERNATIONALEN TRANSPORT<\/h2>\n<p><strong>L (L\u00e4nge): L\u00e4nge<\/strong><br \/>\n<strong>W (Breite): Breite<\/strong><br \/>\n<strong>H (H\u00f6he): H\u00f6he<\/strong><br \/>\n<strong>m3 (Kubikmeter): Gesamtvolumen<\/strong><br \/>\n<b><strong><br \/>\n<\/strong><\/b><b><\/b><\/p>\n<table>\n<tbody>\n<tr>\n<td><strong>Fahrzeugtyp<\/strong><\/td>\n<td><strong>L<\/strong><\/p>\n<p><strong>meter<\/strong><\/td>\n<td><strong>W<\/strong><\/p>\n<p><strong>meter<\/strong><\/td>\n<td><strong>H<\/strong><\/p>\n<p><strong>meter<\/strong><\/td>\n<td><strong>Volume<\/strong><br \/>\n<b><strong><br \/>\n<\/strong><\/b><strong>m3<\/strong><\/td>\n<td><\/td>\n<\/tr>\n<tr>\n<td rowspan=\"2\">Awning Truck<\/td>\n<td>13.60<\/td>\n<td>2.42<\/td>\n<td>2.40<\/td>\n<td>79<\/td>\n<td rowspan=\"2\"><img loading=\"lazy\" class=\"alignnone size-full wp-image-7375\" src=\"https:\/\/i0.wp.com\/transgoodlojistik.com\/de\/wp-content\/uploads\/2022\/06\/tenteli_tir.jpg?resize=260%2C75&#038;ssl=1\" alt=\"\" width=\"260\" height=\"75\" data-recalc-dims=\"1\" \/><\/td>\n<\/tr>\n<tr>\n<td>13.60<\/td>\n<td>2.42<\/td>\n<td>2.60<\/td>\n<td>86<\/td>\n<\/tr>\n<tr>\n<td rowspan=\"4\">Jumbo Truck<\/td>\n<td>3.10<\/td>\n<td>2.42<\/td>\n<td>2.55<\/td>\n<td>79<\/td>\n<td rowspan=\"4\"><img loading=\"lazy\" class=\"alignnone size-full wp-image-7376\" src=\"https:\/\/i0.wp.com\/transgoodlojistik.com\/de\/wp-content\/uploads\/2022\/06\/Jumbo_tir.jpg?resize=268%2C77&#038;ssl=1\" alt=\"\" width=\"268\" height=\"77\" data-recalc-dims=\"1\" \/><\/td>\n<\/tr>\n<tr>\n<td>9.10<\/td>\n<td>2.42<\/td>\n<td>2.75<\/td>\n<td>79<\/td>\n<\/tr>\n<tr>\n<td>3.50<\/td>\n<td>2.42<\/td>\n<td>2.45<\/td>\n<td>83<\/td>\n<\/tr>\n<tr>\n<td>8.70<\/td>\n<td>2.42<\/td>\n<td>2.95<\/td>\n<td>83<\/td>\n<\/tr>\n<tr>\n<td rowspan=\"2\">Normal truck with trailer (optima)<\/td>\n<td>6.20<\/td>\n<td>2.42<\/td>\n<td>2.50<\/td>\n<td>87<\/td>\n<td rowspan=\"2\"><img loading=\"lazy\" class=\"alignnone size-full wp-image-7377\" src=\"https:\/\/i0.wp.com\/transgoodlojistik.com\/de\/wp-content\/uploads\/2022\/06\/treylerli_normal_tir.jpg?resize=268%2C77&#038;ssl=1\" alt=\"\" width=\"268\" height=\"77\" data-recalc-dims=\"1\" \/><\/td>\n<\/tr>\n<tr>\n<td>8.30<\/td>\n<td>2.42<\/td>\n<td>2.50<\/td>\n<td>87<\/td>\n<\/tr>\n<tr>\n<td rowspan=\"2\">Trailer Jumbo Truck<\/td>\n<td>7.80<\/td>\n<td>2.44<\/td>\n<td>2.85<\/td>\n<td>110<\/td>\n<td rowspan=\"2\"><img loading=\"lazy\" class=\"alignnone size-full wp-image-7378\" src=\"https:\/\/i0.wp.com\/transgoodlojistik.com\/de\/wp-content\/uploads\/2022\/06\/treylerli_jumbo.jpg?resize=262%2C76&#038;ssl=1\" alt=\"\" width=\"262\" height=\"76\" data-recalc-dims=\"1\" \/><\/td>\n<\/tr>\n<tr>\n<td>8.10<\/td>\n<td>2.44<\/td>\n<td>2.85<\/td>\n<td>110<\/td>\n<\/tr>\n<tr>\n<td>Normal Open Truck<\/td>\n<td>upto 18<\/td>\n<td>2.44<\/td>\n<td>&#8211;<\/td>\n<td>&#8211;<\/td>\n<td><img loading=\"lazy\" class=\"alignnone size-full wp-image-7379\" src=\"https:\/\/i0.wp.com\/transgoodlojistik.com\/de\/wp-content\/uploads\/2022\/06\/Acik_tir.jpg?resize=262%2C76&#038;ssl=1\" alt=\"\" width=\"262\" height=\"76\" data-recalc-dims=\"1\" \/><\/td>\n<\/tr>\n<tr>\n<td>Dump Truck<\/td>\n<td>&#8211;<\/td>\n<td>&#8211;<\/td>\n<td>&#8211;<\/td>\n<td>upto 25<\/td>\n<td><img loading=\"lazy\" class=\"alignnone size-full wp-image-7380\" src=\"https:\/\/i0.wp.com\/transgoodlojistik.com\/de\/wp-content\/uploads\/2022\/06\/damperli_tir.jpg?resize=210%2C61&#038;ssl=1\" alt=\"\" width=\"210\" height=\"61\" data-recalc-dims=\"1\" \/><\/td>\n<\/tr>\n<tr>\n<td>Jumbo Open Truck<\/td>\n<td>upto 18<\/td>\n<td>2.44<\/td>\n<td>&#8211;<\/td>\n<td>&#8211;<\/td>\n<td><img loading=\"lazy\" class=\"alignnone size-full wp-image-7381\" src=\"https:\/\/i0.wp.com\/transgoodlojistik.com\/de\/wp-content\/uploads\/2022\/06\/acik_jumbo_tir.jpg?resize=240%2C69&#038;ssl=1\" alt=\"\" width=\"240\" height=\"69\" data-recalc-dims=\"1\" \/><\/td>\n<\/tr>\n<tr>\n<td>Lowbed Truck<\/td>\n<td>&#8211;<\/td>\n<td>&#8211;<\/td>\n<td>&#8211;<\/td>\n<td>&#8211;<\/td>\n<td><img loading=\"lazy\" class=\"alignnone size-full wp-image-7374\" src=\"https:\/\/i0.wp.com\/transgoodlojistik.com\/de\/wp-content\/uploads\/2022\/06\/lowbed_tir.jpg?resize=246%2C71&#038;ssl=1\" alt=\"\" width=\"246\" height=\"71\" data-recalc-dims=\"1\" \/><\/td>\n<\/tr>\n<\/tbody>\n<\/table>\n<p>Um den internationalen Transport durchf\u00fchren zu k\u00f6nnen, werden die Transportgrenzen der Fahrzeuge vom Verkehrsministerium unter Ber\u00fccksichtigung der Menge, Art, Transportzeit und Entfernung der transportierten G\u00fcter bei dem durchzuf\u00fchrenden Transport festgelegt die Transportunternehmen, die \u00fcber (C1) und (C2) Typgenehmigungszertifikate verf\u00fcgen, die vom Verkehrsministerium angefordert werden. bestimmt.<\/p>\n<p>Gem\u00e4\u00df der Entscheidung vom 17.02.1995 mit der Nummer 95\/65976 gibt es keine Altersgrenze f\u00fcr Fahrzeuge, die in internationalen Transporten eingesetzt werden, die nicht f\u00fcr Europa bestimmt sind. Diese Beschr\u00e4nkungen im internationalen Transport schaffen Mindeststandards f\u00fcr die T\u00fcrkei, um in die Europ\u00e4ische Union und andere europ\u00e4ische L\u00e4nder reisen zu k\u00f6nnen.<\/p>\n<p><strong>Im Stra\u00dfenverkehr verwendete Fahrzeugtypen<\/strong><\/p>\n<p>Es handelt sich um Stra\u00dfentransportfahrzeuge, die als Abschleppwagen, Anh\u00e4nger, Lastkraftwagen, Tankwagen, Anh\u00e4nger und Auflieger bezeichnet werden und f\u00fcr den nationalen und internationalen G\u00fcterverkehr eingesetzt werden.<\/p>\n<p>Anh\u00e4nger: Es ist ein Stra\u00dfenfahrzeug mit mindestens einer Achse, das von einem Lastkraftwagen gezogen und entsprechend den Eigenschaften der zu tragenden Last hergestellt wird, und das mit dem Lastkraftwagen, an dem es gezogen wird, mit einem Verbindungsmodul wie z als Deichsel, Drehkranz oder Haken.<\/p>\n<p><strong>Die am h\u00e4ufigsten verwendeten Anh\u00e4ngertypen:<\/strong><\/p>\n<p><strong>Sattelauflieger<\/strong><br \/>\n<strong>Optima-Anh\u00e4nger<\/strong><br \/>\n<strong>Jumbo-Anh\u00e4nger<\/strong><\/p>\n<p>Markisenanh\u00e4nger:\u00a0Da die den Anh\u00e4nger umgebenden Markisen einzeln abgenommen werden k\u00f6nnen, ist es m\u00f6glich, das Fahrzeug aus allen Richtungen zu beladen. Es eignet sich besonders zum Be- und Entladen von Langprodukten und eignet sich f\u00fcr alle Arten von Trockeng\u00fctertransporten.<\/p>\n<p><strong>Die am h\u00e4ufigsten verwendeten Planenanh\u00e4ngertypen:<\/strong><\/p>\n<p>Standard-Planenanh\u00e4nger<br \/>\nSchiebevorhang-Vorzelt-Anh\u00e4nger<br \/>\nMarkisenanh\u00e4nger mit Dach<\/p>\n<p>Sattelanh\u00e4nger: Es ist ein Stra\u00dfenfahrzeug f\u00fcr den G\u00fcterverkehr, das von einem Zugfahrzeug mit Motor gezogen wird und mindestens eine Achse hat und mit dem Fahrzeug verbunden ist, an das es gezogen wird.<\/p>\n<p><strong>Die am h\u00e4ufigsten verwendeten Aufliegertypen<\/strong><\/p>\n<p><strong>Auflieger mit Kippfahrgestell<\/strong><br \/>\n<strong>K\u00fchlauflieger<\/strong><br \/>\n<strong>Maxima Auflieger<\/strong><\/p>\n<p>Tanker: Sie werden speziell f\u00fcr den Transport gef\u00e4hrlicher G\u00fcter, n\u00e4mlich Kraftstoff, verwendet und eignen sich f\u00fcr alle Arten von Frachttransporten in fl\u00fcssiger und gasf\u00f6rmiger Form. Es hat keine Standardgr\u00f6\u00dfe, es wird normalerweise nach Branchenerwartungen und Kundenbestellungen hergestellt.<\/p>\n<p>Containertr\u00e4ger: Dieser 20-Fu\u00df-, 30-Fu\u00df-, 40-Fu\u00df- und 45-Fu\u00df-Container wurde f\u00fcr den Transport von Containern hergestellt und kann auf der langen Plattform transportiert werden. Achsen, die Festigkeit des Fahrgestells und Schl\u00f6sser sind beim Containertransport sehr wichtig.<\/p>\n<p>Die am h\u00e4ufigsten verwendeten Arten von Containertr\u00e4gern<\/p>\n<p>Plattformtyp Containertr\u00e4ger<br \/>\nContainertr\u00e4ger mit langer Plattform<br \/>\nFishbone-Plattform Containertr\u00e4ger<br \/>\nIm Stra\u00dfenverkehr werden Ladungen auf drei verschiedene Arten klassifiziert:<\/p>\n<p><strong>1 &#8211; L\u00e4dt nach Attributen<\/strong><\/p>\n<p>1 ein. St\u00fcckgut: Trockene und saubere Sendungen, die keinen besonderen Service oder Lagerung erfordern, nicht unter die Kategorie Gefahrgut, verderbliche Lebensmittel oder lebende Tiere fallen, werden als \u201eSt\u00fcckgut\u201c bezeichnet.<\/p>\n<p>1b. Sonderladungen: Der Transport einiger Ladungen im Landverkehr ist etwas Besonderes. Das Laden, Transportieren und Entladen dieser Produkte auf Fahrzeugen erfordert einige zus\u00e4tzliche Funktionen im Vergleich zu anderen gew\u00f6hnlichen Frachttransporten.<\/p>\n<p><strong>Die besonderen Ladungen im internationalen Landtransport von G\u00fctern sind:<\/strong><\/p>\n<p><strong>verderbliche Lebensmittel<\/strong><br \/>\n<strong>Gef\u00e4hrliche Materialien<\/strong><br \/>\n<strong>lebende Tiere<\/strong><\/p>\n<p><strong>2- Lasten je nach Fahrzeugkapazit\u00e4t<\/strong><\/p>\n<p>Wenn die Export- oder Importladung ein komplettes Fahrzeug f\u00fcllt, wird dieses Fahrzeug beladen, um die Ladung von nur 1 Unternehmen zu tragen. Wenn die Ladungsmenge nicht ausreicht, um das Fahrzeug zu f\u00fcllen, wird Sammelgut, dh Teilladung, durchgef\u00fchrt. Handelt es sich bei einer Teilladung um eine gro\u00dfvolumige Ladung, wird der Preis nach dem Platzbedarf im Fahrzeug berechnet. Ist die Ladung klein, aber schwer, wird sie nach Gewicht bepreist, da auch die Gesamttragf\u00e4higkeit des Fahrzeugs begrenzt ist. (www.ihracat.co)<\/p>\n<p>LKW-Komplettladung (Full Track Loading &#8211; FTL)<br \/>\nTeilladungen (Sammelladungen) (weniger als Streckenladung \u2013 LTL)<\/p>\n<p><strong>3- Ladungen nach Lieferort<\/strong><\/p>\n<p>Sendungen mit einer Versand- und einer Lieferadresse<br \/>\nFrachten mit mehreren Lieferadressen[\/vc_column_text][\/vc_column][\/vc_row][vc_row type=&#8221;full_width_background&#8221; full_screen_row_position=&#8221;middle&#8221; bg_image=&#8221;7309&#8243; bg_position=&#8221;center center&#8221; bg_repeat=&#8221;no-repeat&#8221; scene_position=&#8221;center&#8221; text_color=&#8221;dark&#8221; text_align=&#8221;left&#8221; top_padding=&#8221;13%&#8221; bottom_padding=&#8221;9%&#8221; overlay_strength=&#8221;1&#8243; shape_divider_position=&#8221;top&#8221; shape_divider_height=&#8221;250&#8243; bg_image_animation=&#8221;fade-in&#8221; shape_type=&#8221;fan&#8221;][vc_column centered_text=&#8221;true&#8221; column_padding=&#8221;no-extra-padding&#8221; column_padding_position=&#8221;all&#8221; background_color_opacity=&#8221;1&#8243; background_hover_color_opacity=&#8221;1&#8243; column_link_target=&#8221;_self&#8221; column_shadow=&#8221;none&#8221; column_border_radius=&#8221;none&#8221; width=&#8221;1\/6&#8243; tablet_width_inherit=&#8221;default&#8221; tablet_text_alignment=&#8221;default&#8221; phone_text_alignment=&#8221;default&#8221; column_border_width=&#8221;none&#8221; column_border_style=&#8221;solid&#8221; bg_image_animation=&#8221;none&#8221;][\/vc_column][vc_column centered_text=&#8221;true&#8221; column_padding=&#8221;no-extra-padding&#8221; column_padding_position=&#8221;all&#8221; background_color_opacity=&#8221;1&#8243; background_hover_color_opacity=&#8221;1&#8243; column_link_target=&#8221;_self&#8221; column_shadow=&#8221;none&#8221; column_border_radius=&#8221;none&#8221; width=&#8221;2\/3&#8243; tablet_width_inherit=&#8221;default&#8221; tablet_text_alignment=&#8221;default&#8221; phone_text_alignment=&#8221;default&#8221; column_border_width=&#8221;none&#8221; column_border_style=&#8221;solid&#8221; bg_image_animation=&#8221;none&#8221;][vc_row_inner column_margin=&#8221;default&#8221; text_align=&#8221;left&#8221;][vc_column_inner column_padding=&#8221;no-extra-padding&#8221; column_padding_position=&#8221;all&#8221; centered_text=&#8221;true&#8221; background_color_opacity=&#8221;1&#8243; background_hover_color_opacity=&#8221;1&#8243; font_color=&#8221;#414142&#8243; column_shadow=&#8221;none&#8221; column_border_radius=&#8221;none&#8221; column_link_target=&#8221;_self&#8221; width=&#8221;1\/1&#8243; tablet_width_inherit=&#8221;default&#8221; column_border_width=&#8221;none&#8221; column_border_style=&#8221;solid&#8221; bg_image_animation=&#8221;none&#8221; enable_animation=&#8221;true&#8221; animation=&#8221;fade-in-from-bottom&#8221;][vc_column_text]\n<h2>\u201eIhr L\u00f6sungspartner f\u00fcr Transporte in jede Region der Welt.\u201c<\/h2>\n<p>info@transgoodlojistik.com[\/vc_column_text][\/vc_column_inner][\/vc_row_inner][vc_row_inner column_margin=&#8221;default&#8221; text_align=&#8221;left&#8221;][vc_column_inner column_padding=&#8221;no-extra-padding&#8221; column_padding_position=&#8221;all&#8221; background_color_opacity=&#8221;1&#8243; background_hover_color_opacity=&#8221;1&#8243; column_shadow=&#8221;none&#8221; column_border_radius=&#8221;none&#8221; column_link_target=&#8221;_self&#8221; width=&#8221;1\/1&#8243; tablet_width_inherit=&#8221;default&#8221; column_border_width=&#8221;none&#8221; column_border_style=&#8221;solid&#8221; bg_image_animation=&#8221;none&#8221; enable_animation=&#8221;true&#8221; animation=&#8221;fade-in-from-bottom&#8221; delay=&#8221;100&#8243;][image_with_animation image_url=&#8221;7472&#8243; alignment=&#8221;center&#8221; animation=&#8221;Fade In&#8221; border_radius=&#8221;none&#8221; box_shadow=&#8221;none&#8221; max_width=&#8221;100%&#8221;][\/vc_column_inner][\/vc_row_inner][\/vc_column][vc_column column_padding=&#8221;no-extra-padding&#8221; column_padding_position=&#8221;all&#8221; background_color_opacity=&#8221;1&#8243; background_hover_color_opacity=&#8221;1&#8243; column_link_target=&#8221;_self&#8221; column_shadow=&#8221;none&#8221; column_border_radius=&#8221;none&#8221; width=&#8221;1\/6&#8243; tablet_width_inherit=&#8221;default&#8221; tablet_text_alignment=&#8221;default&#8221; phone_text_alignment=&#8221;default&#8221; column_border_width=&#8221;none&#8221; column_border_style=&#8221;solid&#8221; bg_image_animation=&#8221;none&#8221;][\/vc_column][\/vc_row]\n","protected":false},"excerpt":{"rendered":"<p>[vc_row type=&#8221;full_width_background&#8221; full_screen_row_position=&#8221;middle&#8221; scene_position=&#8221;center&#8221; text_color=&#8221;dark&#8221; text_align=&#8221;left&#8221; top_padding=&#8221;50&#8243; bottom_padding=&#8221;50&#8243; overlay_strength=&#8221;0.3&#8243; shape_divider_position=&#8221;bottom&#8221; bg_image_animation=&#8221;none&#8221; shape_type=&#8221;&#8221;][vc_column column_padding=&#8221;no-extra-padding&#8221; column_padding_position=&#8221;all&#8221; background_color_opacity=&#8221;1&#8243; background_hover_color_opacity=&#8221;1&#8243; font_color=&#8221;#000000&#8243; column_link_target=&#8221;_self&#8221; column_shadow=&#8221;none&#8221; column_border_radius=&#8221;none&#8221; width=&#8221;1\/1&#8243; tablet_width_inherit=&#8221;default&#8221; tablet_text_alignment=&#8221;default&#8221; phone_text_alignment=&#8221;default&#8221; column_border_width=&#8221;none&#8221;&#8230;<\/p>\n","protected":false},"author":1,"featured_media":0,"parent":0,"menu_order":0,"comment_status":"closed","ping_status":"closed","template":"","meta":{"spay_email":""},"yoast_head":"<!-- This site is optimized with the Yoast SEO plugin v19.2 - https:\/\/yoast.com\/wordpress\/plugins\/seo\/ -->\n<title>Fahrzeugtypen - Transgood Logistics<\/title>\n<meta name=\"robots\" content=\"index, follow, max-snippet:-1, max-image-preview:large, max-video-preview:-1\" \/>\n<link rel=\"canonical\" href=\"https:\/\/transgoodlojistik.com\/de\/fahrzeugtypen\/\" \/>\n<meta property=\"og:locale\" content=\"tr_TR\" \/>\n<meta property=\"og:type\" content=\"article\" \/>\n<meta property=\"og:title\" content=\"Fahrzeugtypen - Transgood Logistics\" \/>\n<meta property=\"og:description\" content=\"[vc_row type=&#8221;full_width_background&#8221; full_screen_row_position=&#8221;middle&#8221; scene_position=&#8221;center&#8221; text_color=&#8221;dark&#8221; text_align=&#8221;left&#8221; top_padding=&#8221;50&#8243; bottom_padding=&#8221;50&#8243; overlay_strength=&#8221;0.3&#8243; shape_divider_position=&#8221;bottom&#8221; bg_image_animation=&#8221;none&#8221; shape_type=&#8221;&#8221;][vc_column column_padding=&#8221;no-extra-padding&#8221; column_padding_position=&#8221;all&#8221; background_color_opacity=&#8221;1&#8243; background_hover_color_opacity=&#8221;1&#8243; font_color=&#8221;#000000&#8243; column_link_target=&#8221;_self&#8221; column_shadow=&#8221;none&#8221; column_border_radius=&#8221;none&#8221; width=&#8221;1\/1&#8243; tablet_width_inherit=&#8221;default&#8221; tablet_text_alignment=&#8221;default&#8221; phone_text_alignment=&#8221;default&#8221; column_border_width=&#8221;none&#8221;...\" \/>\n<meta property=\"og:url\" content=\"https:\/\/transgoodlojistik.com\/de\/fahrzeugtypen\/\" \/>\n<meta property=\"og:site_name\" content=\"Transgood Logistics\" \/>\n<meta property=\"article:modified_time\" content=\"2022-08-06T15:16:42+00:00\" \/>\n<meta property=\"og:image\" content=\"https:\/\/transgoodlojistik.com\/de\/wp-content\/uploads\/2022\/06\/tenteli_tir.jpg\" \/>\n<meta name=\"author\" content=\"transgood\" \/>\n<meta name=\"twitter:card\" content=\"summary_large_image\" \/>\n<meta name=\"twitter:label1\" content=\"Tahmini okuma s\u00fcresi\" \/>\n\t<meta name=\"twitter:data1\" content=\"7 dakika\" \/>\n<script type=\"application\/ld+json\" class=\"yoast-schema-graph\">{\"@context\":\"https:\/\/schema.org\",\"@graph\":[{\"@type\":\"Organization\",\"@id\":\"https:\/\/transgoodlojistik.com\/de\/#organization\",\"name\":\"Transgood Lojistik\",\"url\":\"https:\/\/transgoodlojistik.com\/de\/\",\"sameAs\":[],\"logo\":{\"@type\":\"ImageObject\",\"inLanguage\":\"tr\",\"@id\":\"https:\/\/transgoodlojistik.com\/de\/#\/schema\/logo\/image\/\",\"url\":\"https:\/\/transgoodlojistik.com\/de\/en\/wp-content\/uploads\/2022\/06\/TRANSGOOD-RAIL-1024x682.jpg\",\"contentUrl\":\"https:\/\/transgoodlojistik.com\/de\/en\/wp-content\/uploads\/2022\/06\/TRANSGOOD-RAIL-1024x682.jpg\",\"width\":1024,\"height\":682,\"caption\":\"Transgood Lojistik\"},\"image\":{\"@id\":\"https:\/\/transgoodlojistik.com\/de\/#\/schema\/logo\/image\/\"}},{\"@type\":\"WebSite\",\"@id\":\"https:\/\/transgoodlojistik.com\/de\/#website\",\"url\":\"https:\/\/transgoodlojistik.com\/de\/\",\"name\":\"Transgood Logistics\",\"description\":\"International Transport\",\"publisher\":{\"@id\":\"https:\/\/transgoodlojistik.com\/de\/#organization\"},\"potentialAction\":[{\"@type\":\"SearchAction\",\"target\":{\"@type\":\"EntryPoint\",\"urlTemplate\":\"https:\/\/transgoodlojistik.com\/de\/?s={search_term_string}\"},\"query-input\":\"required name=search_term_string\"}],\"inLanguage\":\"tr\"},{\"@type\":\"ImageObject\",\"inLanguage\":\"tr\",\"@id\":\"https:\/\/transgoodlojistik.com\/de\/fahrzeugtypen\/#primaryimage\",\"url\":\"https:\/\/i0.wp.com\/transgoodlojistik.com\/de\/wp-content\/uploads\/2022\/06\/tenteli_tir.jpg?fit=260%2C75&ssl=1\",\"contentUrl\":\"https:\/\/i0.wp.com\/transgoodlojistik.com\/de\/wp-content\/uploads\/2022\/06\/tenteli_tir.jpg?fit=260%2C75&ssl=1\",\"width\":260,\"height\":75},{\"@type\":\"WebPage\",\"@id\":\"https:\/\/transgoodlojistik.com\/de\/fahrzeugtypen\/#webpage\",\"url\":\"https:\/\/transgoodlojistik.com\/de\/fahrzeugtypen\/\",\"name\":\"Fahrzeugtypen - Transgood Logistics\",\"isPartOf\":{\"@id\":\"https:\/\/transgoodlojistik.com\/de\/#website\"},\"primaryImageOfPage\":{\"@id\":\"https:\/\/transgoodlojistik.com\/de\/fahrzeugtypen\/#primaryimage\"},\"datePublished\":\"2022-01-28T09:40:25+00:00\",\"dateModified\":\"2022-08-06T15:16:42+00:00\",\"breadcrumb\":{\"@id\":\"https:\/\/transgoodlojistik.com\/de\/fahrzeugtypen\/#breadcrumb\"},\"inLanguage\":\"tr\",\"potentialAction\":[{\"@type\":\"ReadAction\",\"target\":[\"https:\/\/transgoodlojistik.com\/de\/fahrzeugtypen\/\"]}]},{\"@type\":\"BreadcrumbList\",\"@id\":\"https:\/\/transgoodlojistik.com\/de\/fahrzeugtypen\/#breadcrumb\",\"itemListElement\":[{\"@type\":\"ListItem\",\"position\":1,\"name\":\"Anasayfa\",\"item\":\"https:\/\/transgoodlojistik.com\/de\/\"},{\"@type\":\"ListItem\",\"position\":2,\"name\":\"Fahrzeugtypen\"}]}]}<\/script>\n<!-- \/ Yoast SEO plugin. -->","yoast_head_json":{"title":"Fahrzeugtypen - Transgood Logistics","robots":{"index":"index","follow":"follow","max-snippet":"max-snippet:-1","max-image-preview":"max-image-preview:large","max-video-preview":"max-video-preview:-1"},"canonical":"https:\/\/transgoodlojistik.com\/de\/fahrzeugtypen\/","og_locale":"tr_TR","og_type":"article","og_title":"Fahrzeugtypen - Transgood Logistics","og_description":"[vc_row type=&#8221;full_width_background&#8221; full_screen_row_position=&#8221;middle&#8221; scene_position=&#8221;center&#8221; text_color=&#8221;dark&#8221; text_align=&#8221;left&#8221; top_padding=&#8221;50&#8243; bottom_padding=&#8221;50&#8243; overlay_strength=&#8221;0.3&#8243; shape_divider_position=&#8221;bottom&#8221; bg_image_animation=&#8221;none&#8221; shape_type=&#8221;&#8221;][vc_column column_padding=&#8221;no-extra-padding&#8221; column_padding_position=&#8221;all&#8221; background_color_opacity=&#8221;1&#8243; background_hover_color_opacity=&#8221;1&#8243; font_color=&#8221;#000000&#8243; column_link_target=&#8221;_self&#8221; column_shadow=&#8221;none&#8221; column_border_radius=&#8221;none&#8221; width=&#8221;1\/1&#8243; tablet_width_inherit=&#8221;default&#8221; tablet_text_alignment=&#8221;default&#8221; phone_text_alignment=&#8221;default&#8221; column_border_width=&#8221;none&#8221;...","og_url":"https:\/\/transgoodlojistik.com\/de\/fahrzeugtypen\/","og_site_name":"Transgood Logistics","article_modified_time":"2022-08-06T15:16:42+00:00","og_image":[{"url":"https:\/\/transgoodlojistik.com\/de\/wp-content\/uploads\/2022\/06\/tenteli_tir.jpg"}],"author":"transgood","twitter_card":"summary_large_image","twitter_misc":{"Tahmini okuma s\u00fcresi":"7 dakika"},"schema":{"@context":"https:\/\/schema.org","@graph":[{"@type":"Organization","@id":"https:\/\/transgoodlojistik.com\/de\/#organization","name":"Transgood Lojistik","url":"https:\/\/transgoodlojistik.com\/de\/","sameAs":[],"logo":{"@type":"ImageObject","inLanguage":"tr","@id":"https:\/\/transgoodlojistik.com\/de\/#\/schema\/logo\/image\/","url":"https:\/\/transgoodlojistik.com\/de\/en\/wp-content\/uploads\/2022\/06\/TRANSGOOD-RAIL-1024x682.jpg","contentUrl":"https:\/\/transgoodlojistik.com\/de\/en\/wp-content\/uploads\/2022\/06\/TRANSGOOD-RAIL-1024x682.jpg","width":1024,"height":682,"caption":"Transgood Lojistik"},"image":{"@id":"https:\/\/transgoodlojistik.com\/de\/#\/schema\/logo\/image\/"}},{"@type":"WebSite","@id":"https:\/\/transgoodlojistik.com\/de\/#website","url":"https:\/\/transgoodlojistik.com\/de\/","name":"Transgood Logistics","description":"International Transport","publisher":{"@id":"https:\/\/transgoodlojistik.com\/de\/#organization"},"potentialAction":[{"@type":"SearchAction","target":{"@type":"EntryPoint","urlTemplate":"https:\/\/transgoodlojistik.com\/de\/?s={search_term_string}"},"query-input":"required name=search_term_string"}],"inLanguage":"tr"},{"@type":"ImageObject","inLanguage":"tr","@id":"https:\/\/transgoodlojistik.com\/de\/fahrzeugtypen\/#primaryimage","url":"https:\/\/i0.wp.com\/transgoodlojistik.com\/de\/wp-content\/uploads\/2022\/06\/tenteli_tir.jpg?fit=260%2C75&ssl=1","contentUrl":"https:\/\/i0.wp.com\/transgoodlojistik.com\/de\/wp-content\/uploads\/2022\/06\/tenteli_tir.jpg?fit=260%2C75&ssl=1","width":260,"height":75},{"@type":"WebPage","@id":"https:\/\/transgoodlojistik.com\/de\/fahrzeugtypen\/#webpage","url":"https:\/\/transgoodlojistik.com\/de\/fahrzeugtypen\/","name":"Fahrzeugtypen - Transgood Logistics","isPartOf":{"@id":"https:\/\/transgoodlojistik.com\/de\/#website"},"primaryImageOfPage":{"@id":"https:\/\/transgoodlojistik.com\/de\/fahrzeugtypen\/#primaryimage"},"datePublished":"2022-01-28T09:40:25+00:00","dateModified":"2022-08-06T15:16:42+00:00","breadcrumb":{"@id":"https:\/\/transgoodlojistik.com\/de\/fahrzeugtypen\/#breadcrumb"},"inLanguage":"tr","potentialAction":[{"@type":"ReadAction","target":["https:\/\/transgoodlojistik.com\/de\/fahrzeugtypen\/"]}]},{"@type":"BreadcrumbList","@id":"https:\/\/transgoodlojistik.com\/de\/fahrzeugtypen\/#breadcrumb","itemListElement":[{"@type":"ListItem","position":1,"name":"Anasayfa","item":"https:\/\/transgoodlojistik.com\/de\/"},{"@type":"ListItem","position":2,"name":"Fahrzeugtypen"}]}]}},"_links":{"self":[{"href":"https:\/\/transgoodlojistik.com\/de\/wp-json\/wp\/v2\/pages\/7195"}],"collection":[{"href":"https:\/\/transgoodlojistik.com\/de\/wp-json\/wp\/v2\/pages"}],"about":[{"href":"https:\/\/transgoodlojistik.com\/de\/wp-json\/wp\/v2\/types\/page"}],"author":[{"embeddable":true,"href":"https:\/\/transgoodlojistik.com\/de\/wp-json\/wp\/v2\/users\/1"}],"replies":[{"embeddable":true,"href":"https:\/\/transgoodlojistik.com\/de\/wp-json\/wp\/v2\/comments?post=7195"}],"version-history":[{"count":11,"href":"https:\/\/transgoodlojistik.com\/de\/wp-json\/wp\/v2\/pages\/7195\/revisions"}],"predecessor-version":[{"id":7594,"href":"https:\/\/transgoodlojistik.com\/de\/wp-json\/wp\/v2\/pages\/7195\/revisions\/7594"}],"wp:attachment":[{"href":"https:\/\/transgoodlojistik.com\/de\/wp-json\/wp\/v2\/media?parent=7195"}],"curies":[{"name":"wp","href":"https:\/\/api.w.org\/{rel}","templated":true}]}}