{"id":7205,"date":"2022-01-28T09:46:47","date_gmt":"2022-01-28T09:46:47","guid":{"rendered":"https:\/\/monalogistics.com\/2022\/?page_id=7205"},"modified":"2022-08-06T15:38:06","modified_gmt":"2022-08-06T15:38:06","slug":"nutzliche-links","status":"publish","type":"page","link":"https:\/\/transgoodlojistik.com\/de\/nutzliche-links\/","title":{"rendered":"N\u00fctzliche Links"},"content":{"rendered":"[vc_row type=&#8221;full_width_background&#8221; full_screen_row_position=&#8221;middle&#8221; scene_position=&#8221;center&#8221; text_color=&#8221;dark&#8221; text_align=&#8221;left&#8221; top_padding=&#8221;50&#8243; bottom_padding=&#8221;50&#8243; overlay_strength=&#8221;0.3&#8243; shape_divider_position=&#8221;bottom&#8221; bg_image_animation=&#8221;none&#8221; shape_type=&#8221;&#8221;][vc_column column_padding=&#8221;no-extra-padding&#8221; column_padding_position=&#8221;all&#8221; background_color_opacity=&#8221;1&#8243; background_hover_color_opacity=&#8221;1&#8243; font_color=&#8221;#414142&#8243; column_link_target=&#8221;_self&#8221; column_shadow=&#8221;none&#8221; column_border_radius=&#8221;none&#8221; width=&#8221;1\/2&#8243; tablet_width_inherit=&#8221;default&#8221; tablet_text_alignment=&#8221;default&#8221; phone_text_alignment=&#8221;default&#8221; column_border_width=&#8221;none&#8221; column_border_style=&#8221;solid&#8221; bg_image_animation=&#8221;none&#8221;][vc_column_text]\n<table border=\"1\" cellspacing=\"0\" cellpadding=\"0\">\n<tbody>\n<tr>\n<td width=\"471\"><span style=\"color: #000000;\"><strong>.::\u00a0<\/strong><a style=\"color: #000000;\" href=\"http:\/\/www.und.org.tr\/\" target=\"_blank\" rel=\"noopener\">UND<\/a><\/span><\/td>\n<\/tr>\n<tr>\n<td width=\"471\"><span style=\"color: #000000;\"><strong>.::\u00a0<\/strong><a style=\"color: #000000;\" href=\"http:\/\/www.tuev-sued.de\/\" target=\"_blank\" rel=\"noopener\"><strong>TUV-S\u00dcDWEST<\/strong><\/a><\/span><\/td>\n<\/tr>\n<tr>\n<td width=\"471\"><span style=\"color: #000000;\"><strong>.::\u00a0<\/strong><a style=\"color: #000000;\" href=\"http:\/\/www.kalder.org\/\" target=\"_blank\" rel=\"noopener\">KALDER<\/a><\/span><\/td>\n<\/tr>\n<tr>\n<td width=\"471\"><span style=\"color: #000000;\"><strong>.::\u00a0<\/strong><a style=\"color: #000000;\" href=\"http:\/\/rega.basbakanlik.gov.tr\/\" target=\"_blank\" rel=\"noopener\">Resmi Gazete\u00a0<\/a><a style=\"color: #000000;\" href=\"http:\/\/www.afstransport.com\/tr\/linkler.html\">\u00a0<\/a><\/span><\/td>\n<\/tr>\n<tr>\n<td width=\"471\"><span style=\"color: #000000;\"><strong>.::\u00a0<\/strong><a style=\"color: #000000;\" href=\"http:\/\/www.tcmb.gov.tr\/\" target=\"_blank\" rel=\"noopener\">T.C.M.B.<\/a><\/span><\/td>\n<\/tr>\n<tr>\n<td width=\"471\"><span style=\"color: #000000;\"><strong>.::\u00a0<\/strong><a style=\"color: #000000;\" href=\"http:\/\/www.ito.org.tr\/\" target=\"_blank\" rel=\"noopener\">\u0130stanbul Ticaret Odas\u0131<\/a><\/span><\/td>\n<\/tr>\n<tr>\n<td width=\"471\"><span style=\"color: #000000;\"><strong>.::\u00a0<\/strong><a style=\"color: #000000;\" href=\"http:\/\/www.ubak.gov.tr\/\" target=\"_blank\" rel=\"noopener\">T.C. Ula\u015ft\u0131rma Bakanl\u0131\u011f\u0131<\/a><\/span><\/td>\n<\/tr>\n<tr>\n<td width=\"471\"><span style=\"color: #000000;\"><strong>.::<\/strong><a style=\"color: #000000;\" href=\"http:\/\/www.gumruk.gov.tr\/\" target=\"_blank\" rel=\"noopener\">\u00a0T.C. Ba\u015fbakanl\u0131k G\u00fcmr\u00fck M\u00fcste\u015farl\u0131\u011f\u0131<\/a><\/span><\/td>\n<\/tr>\n<tr>\n<td width=\"471\"><span style=\"color: #000000;\"><strong>.::\u00a0<\/strong><a style=\"color: #000000;\" href=\"http:\/\/www.fiata.com\/\" target=\"_blank\" rel=\"noopener\">Fiata<\/a><\/span><\/td>\n<\/tr>\n<tr>\n<td width=\"471\"><span style=\"color: #000000;\"><strong>.::\u00a0<\/strong><a style=\"color: #000000;\" href=\"http:\/\/www.iata.org\/index.htm\" target=\"_blank\" rel=\"noopener\">IATA<\/a><\/span><\/td>\n<\/tr>\n<tr>\n<td width=\"471\"><span style=\"color: #000000;\"><strong>.::\u00a0<\/strong><a style=\"color: #000000;\" href=\"http:\/\/www.tobb.org.tr\/\" target=\"_blank\" rel=\"noopener\">T\u00fcrkiye Odalar ve Borsalar Birli\u011fi<\/a><\/span><\/td>\n<\/tr>\n<tr>\n<td width=\"471\"><span style=\"color: #000000;\"><strong>.::\u00a0<\/strong><a style=\"color: #000000;\" href=\"http:\/\/www.utikad.org.tr\/\" target=\"_blank\" rel=\"noopener\">Utikad<\/a><\/span><\/td>\n<\/tr>\n<\/tbody>\n<\/table>\n[\/vc_column_text][\/vc_column][vc_column column_padding=&#8221;no-extra-padding&#8221; column_padding_position=&#8221;all&#8221; background_color_opacity=&#8221;1&#8243; background_hover_color_opacity=&#8221;1&#8243; column_link_target=&#8221;_self&#8221; column_shadow=&#8221;none&#8221; column_border_radius=&#8221;none&#8221; width=&#8221;1\/2&#8243; tablet_width_inherit=&#8221;default&#8221; tablet_text_alignment=&#8221;default&#8221; phone_text_alignment=&#8221;default&#8221; column_border_width=&#8221;none&#8221; column_border_style=&#8221;solid&#8221; bg_image_animation=&#8221;none&#8221;][image_with_animation image_url=&#8221;7266&#8243; alignment=&#8221;&#8221; animation=&#8221;Fade In&#8221; border_radius=&#8221;none&#8221; box_shadow=&#8221;none&#8221; max_width=&#8221;100%&#8221;][\/vc_column][\/vc_row][vc_row type=&#8221;full_width_background&#8221; full_screen_row_position=&#8221;middle&#8221; bg_image=&#8221;7309&#8243; bg_position=&#8221;center center&#8221; bg_repeat=&#8221;no-repeat&#8221; scene_position=&#8221;center&#8221; text_color=&#8221;dark&#8221; text_align=&#8221;left&#8221; top_padding=&#8221;13%&#8221; bottom_padding=&#8221;9%&#8221; overlay_strength=&#8221;1&#8243; shape_divider_position=&#8221;top&#8221; shape_divider_height=&#8221;250&#8243; bg_image_animation=&#8221;fade-in&#8221; shape_type=&#8221;fan&#8221;][vc_column centered_text=&#8221;true&#8221; column_padding=&#8221;no-extra-padding&#8221; column_padding_position=&#8221;all&#8221; background_color_opacity=&#8221;1&#8243; background_hover_color_opacity=&#8221;1&#8243; column_link_target=&#8221;_self&#8221; column_shadow=&#8221;none&#8221; column_border_radius=&#8221;none&#8221; width=&#8221;1\/6&#8243; tablet_width_inherit=&#8221;default&#8221; tablet_text_alignment=&#8221;default&#8221; phone_text_alignment=&#8221;default&#8221; column_border_width=&#8221;none&#8221; column_border_style=&#8221;solid&#8221; bg_image_animation=&#8221;none&#8221;][\/vc_column][vc_column centered_text=&#8221;true&#8221; column_padding=&#8221;no-extra-padding&#8221; column_padding_position=&#8221;all&#8221; background_color_opacity=&#8221;1&#8243; background_hover_color_opacity=&#8221;1&#8243; column_link_target=&#8221;_self&#8221; column_shadow=&#8221;none&#8221; column_border_radius=&#8221;none&#8221; width=&#8221;2\/3&#8243; tablet_width_inherit=&#8221;default&#8221; tablet_text_alignment=&#8221;default&#8221; phone_text_alignment=&#8221;default&#8221; column_border_width=&#8221;none&#8221; column_border_style=&#8221;solid&#8221; bg_image_animation=&#8221;none&#8221;][vc_row_inner column_margin=&#8221;default&#8221; text_align=&#8221;left&#8221;][vc_column_inner column_padding=&#8221;no-extra-padding&#8221; column_padding_position=&#8221;all&#8221; centered_text=&#8221;true&#8221; background_color_opacity=&#8221;1&#8243; background_hover_color_opacity=&#8221;1&#8243; font_color=&#8221;#414142&#8243; column_shadow=&#8221;none&#8221; column_border_radius=&#8221;none&#8221; column_link_target=&#8221;_self&#8221; width=&#8221;1\/1&#8243; tablet_width_inherit=&#8221;default&#8221; column_border_width=&#8221;none&#8221; column_border_style=&#8221;solid&#8221; bg_image_animation=&#8221;none&#8221; enable_animation=&#8221;true&#8221; animation=&#8221;fade-in-from-bottom&#8221;][vc_column_text]\n<h2>\u201eIhr L\u00f6sungspartner f\u00fcr Transporte in jede Region der Welt.\u201c<\/h2>\n<p>info@transgoodlojistik.com[\/vc_column_text][\/vc_column_inner][\/vc_row_inner][vc_row_inner column_margin=&#8221;default&#8221; text_align=&#8221;left&#8221;][vc_column_inner column_padding=&#8221;no-extra-padding&#8221; column_padding_position=&#8221;all&#8221; background_color_opacity=&#8221;1&#8243; background_hover_color_opacity=&#8221;1&#8243; column_shadow=&#8221;none&#8221; column_border_radius=&#8221;none&#8221; column_link_target=&#8221;_self&#8221; width=&#8221;1\/1&#8243; tablet_width_inherit=&#8221;default&#8221; column_border_width=&#8221;none&#8221; column_border_style=&#8221;solid&#8221; bg_image_animation=&#8221;none&#8221; enable_animation=&#8221;true&#8221; animation=&#8221;fade-in-from-bottom&#8221; delay=&#8221;100&#8243;][image_with_animation image_url=&#8221;7472&#8243; alignment=&#8221;center&#8221; animation=&#8221;Fade In&#8221; border_radius=&#8221;none&#8221; box_shadow=&#8221;none&#8221; max_width=&#8221;100%&#8221;][\/vc_column_inner][\/vc_row_inner][\/vc_column][vc_column column_padding=&#8221;no-extra-padding&#8221; column_padding_position=&#8221;all&#8221; background_color_opacity=&#8221;1&#8243; background_hover_color_opacity=&#8221;1&#8243; column_link_target=&#8221;_self&#8221; column_shadow=&#8221;none&#8221; column_border_radius=&#8221;none&#8221; width=&#8221;1\/6&#8243; tablet_width_inherit=&#8221;default&#8221; tablet_text_alignment=&#8221;default&#8221; phone_text_alignment=&#8221;default&#8221; column_border_width=&#8221;none&#8221; column_border_style=&#8221;solid&#8221; bg_image_animation=&#8221;none&#8221;][\/vc_column][\/vc_row]\n","protected":false},"excerpt":{"rendered":"<p>[vc_row type=&#8221;full_width_background&#8221; full_screen_row_position=&#8221;middle&#8221; scene_position=&#8221;center&#8221; text_color=&#8221;dark&#8221; text_align=&#8221;left&#8221; top_padding=&#8221;50&#8243; bottom_padding=&#8221;50&#8243; overlay_strength=&#8221;0.3&#8243; shape_divider_position=&#8221;bottom&#8221; bg_image_animation=&#8221;none&#8221; shape_type=&#8221;&#8221;][vc_column column_padding=&#8221;no-extra-padding&#8221; column_padding_position=&#8221;all&#8221; background_color_opacity=&#8221;1&#8243; background_hover_color_opacity=&#8221;1&#8243; font_color=&#8221;#414142&#8243; column_link_target=&#8221;_self&#8221; column_shadow=&#8221;none&#8221; column_border_radius=&#8221;none&#8221; width=&#8221;1\/2&#8243; tablet_width_inherit=&#8221;default&#8221; tablet_text_alignment=&#8221;default&#8221; phone_text_alignment=&#8221;default&#8221; column_border_width=&#8221;none&#8221;&#8230;<\/p>\n","protected":false},"author":1,"featured_media":0,"parent":0,"menu_order":0,"comment_status":"closed","ping_status":"closed","template":"","meta":{"spay_email":""},"yoast_head":"<!-- This site is optimized with the Yoast SEO plugin v19.2 - https:\/\/yoast.com\/wordpress\/plugins\/seo\/ -->\n<title>N\u00fctzliche Links - Transgood Logistics<\/title>\n<meta name=\"robots\" content=\"index, follow, max-snippet:-1, max-image-preview:large, max-video-preview:-1\" \/>\n<link rel=\"canonical\" href=\"https:\/\/transgoodlojistik.com\/de\/nutzliche-links\/\" \/>\n<meta property=\"og:locale\" content=\"tr_TR\" \/>\n<meta property=\"og:type\" content=\"article\" \/>\n<meta property=\"og:title\" content=\"N\u00fctzliche Links - Transgood Logistics\" \/>\n<meta property=\"og:description\" content=\"[vc_row type=&#8221;full_width_background&#8221; full_screen_row_position=&#8221;middle&#8221; scene_position=&#8221;center&#8221; text_color=&#8221;dark&#8221; text_align=&#8221;left&#8221; top_padding=&#8221;50&#8243; bottom_padding=&#8221;50&#8243; overlay_strength=&#8221;0.3&#8243; shape_divider_position=&#8221;bottom&#8221; bg_image_animation=&#8221;none&#8221; shape_type=&#8221;&#8221;][vc_column column_padding=&#8221;no-extra-padding&#8221; column_padding_position=&#8221;all&#8221; background_color_opacity=&#8221;1&#8243; background_hover_color_opacity=&#8221;1&#8243; font_color=&#8221;#414142&#8243; column_link_target=&#8221;_self&#8221; column_shadow=&#8221;none&#8221; column_border_radius=&#8221;none&#8221; width=&#8221;1\/2&#8243; tablet_width_inherit=&#8221;default&#8221; tablet_text_alignment=&#8221;default&#8221; phone_text_alignment=&#8221;default&#8221; column_border_width=&#8221;none&#8221;...\" \/>\n<meta property=\"og:url\" content=\"https:\/\/transgoodlojistik.com\/de\/nutzliche-links\/\" \/>\n<meta property=\"og:site_name\" content=\"Transgood Logistics\" \/>\n<meta property=\"article:modified_time\" content=\"2022-08-06T15:38:06+00:00\" \/>\n<meta name=\"author\" content=\"transgood\" \/>\n<meta name=\"twitter:card\" content=\"summary_large_image\" \/>\n<meta name=\"twitter:label1\" content=\"Tahmini okuma s\u00fcresi\" \/>\n\t<meta name=\"twitter:data1\" content=\"2 dakika\" \/>\n<script type=\"application\/ld+json\" class=\"yoast-schema-graph\">{\"@context\":\"https:\/\/schema.org\",\"@graph\":[{\"@type\":\"Organization\",\"@id\":\"https:\/\/transgoodlojistik.com\/de\/#organization\",\"name\":\"Transgood Lojistik\",\"url\":\"https:\/\/transgoodlojistik.com\/de\/\",\"sameAs\":[],\"logo\":{\"@type\":\"ImageObject\",\"inLanguage\":\"tr\",\"@id\":\"https:\/\/transgoodlojistik.com\/de\/#\/schema\/logo\/image\/\",\"url\":\"https:\/\/transgoodlojistik.com\/de\/en\/wp-content\/uploads\/2022\/06\/TRANSGOOD-RAIL-1024x682.jpg\",\"contentUrl\":\"https:\/\/transgoodlojistik.com\/de\/en\/wp-content\/uploads\/2022\/06\/TRANSGOOD-RAIL-1024x682.jpg\",\"width\":1024,\"height\":682,\"caption\":\"Transgood Lojistik\"},\"image\":{\"@id\":\"https:\/\/transgoodlojistik.com\/de\/#\/schema\/logo\/image\/\"}},{\"@type\":\"WebSite\",\"@id\":\"https:\/\/transgoodlojistik.com\/de\/#website\",\"url\":\"https:\/\/transgoodlojistik.com\/de\/\",\"name\":\"Transgood Logistics\",\"description\":\"International Transport\",\"publisher\":{\"@id\":\"https:\/\/transgoodlojistik.com\/de\/#organization\"},\"potentialAction\":[{\"@type\":\"SearchAction\",\"target\":{\"@type\":\"EntryPoint\",\"urlTemplate\":\"https:\/\/transgoodlojistik.com\/de\/?s={search_term_string}\"},\"query-input\":\"required name=search_term_string\"}],\"inLanguage\":\"tr\"},{\"@type\":\"WebPage\",\"@id\":\"https:\/\/transgoodlojistik.com\/de\/nutzliche-links\/#webpage\",\"url\":\"https:\/\/transgoodlojistik.com\/de\/nutzliche-links\/\",\"name\":\"N\u00fctzliche Links - Transgood Logistics\",\"isPartOf\":{\"@id\":\"https:\/\/transgoodlojistik.com\/de\/#website\"},\"datePublished\":\"2022-01-28T09:46:47+00:00\",\"dateModified\":\"2022-08-06T15:38:06+00:00\",\"breadcrumb\":{\"@id\":\"https:\/\/transgoodlojistik.com\/de\/nutzliche-links\/#breadcrumb\"},\"inLanguage\":\"tr\",\"potentialAction\":[{\"@type\":\"ReadAction\",\"target\":[\"https:\/\/transgoodlojistik.com\/de\/nutzliche-links\/\"]}]},{\"@type\":\"BreadcrumbList\",\"@id\":\"https:\/\/transgoodlojistik.com\/de\/nutzliche-links\/#breadcrumb\",\"itemListElement\":[{\"@type\":\"ListItem\",\"position\":1,\"name\":\"Anasayfa\",\"item\":\"https:\/\/transgoodlojistik.com\/de\/\"},{\"@type\":\"ListItem\",\"position\":2,\"name\":\"N\u00fctzliche Links\"}]}]}<\/script>\n<!-- \/ Yoast SEO plugin. -->","yoast_head_json":{"title":"N\u00fctzliche Links - Transgood Logistics","robots":{"index":"index","follow":"follow","max-snippet":"max-snippet:-1","max-image-preview":"max-image-preview:large","max-video-preview":"max-video-preview:-1"},"canonical":"https:\/\/transgoodlojistik.com\/de\/nutzliche-links\/","og_locale":"tr_TR","og_type":"article","og_title":"N\u00fctzliche Links - Transgood Logistics","og_description":"[vc_row type=&#8221;full_width_background&#8221; full_screen_row_position=&#8221;middle&#8221; scene_position=&#8221;center&#8221; text_color=&#8221;dark&#8221; text_align=&#8221;left&#8221; top_padding=&#8221;50&#8243; bottom_padding=&#8221;50&#8243; overlay_strength=&#8221;0.3&#8243; shape_divider_position=&#8221;bottom&#8221; bg_image_animation=&#8221;none&#8221; shape_type=&#8221;&#8221;][vc_column column_padding=&#8221;no-extra-padding&#8221; column_padding_position=&#8221;all&#8221; background_color_opacity=&#8221;1&#8243; background_hover_color_opacity=&#8221;1&#8243; font_color=&#8221;#414142&#8243; column_link_target=&#8221;_self&#8221; column_shadow=&#8221;none&#8221; column_border_radius=&#8221;none&#8221; width=&#8221;1\/2&#8243; tablet_width_inherit=&#8221;default&#8221; tablet_text_alignment=&#8221;default&#8221; phone_text_alignment=&#8221;default&#8221; column_border_width=&#8221;none&#8221;...","og_url":"https:\/\/transgoodlojistik.com\/de\/nutzliche-links\/","og_site_name":"Transgood Logistics","article_modified_time":"2022-08-06T15:38:06+00:00","author":"transgood","twitter_card":"summary_large_image","twitter_misc":{"Tahmini okuma s\u00fcresi":"2 dakika"},"schema":{"@context":"https:\/\/schema.org","@graph":[{"@type":"Organization","@id":"https:\/\/transgoodlojistik.com\/de\/#organization","name":"Transgood Lojistik","url":"https:\/\/transgoodlojistik.com\/de\/","sameAs":[],"logo":{"@type":"ImageObject","inLanguage":"tr","@id":"https:\/\/transgoodlojistik.com\/de\/#\/schema\/logo\/image\/","url":"https:\/\/transgoodlojistik.com\/de\/en\/wp-content\/uploads\/2022\/06\/TRANSGOOD-RAIL-1024x682.jpg","contentUrl":"https:\/\/transgoodlojistik.com\/de\/en\/wp-content\/uploads\/2022\/06\/TRANSGOOD-RAIL-1024x682.jpg","width":1024,"height":682,"caption":"Transgood Lojistik"},"image":{"@id":"https:\/\/transgoodlojistik.com\/de\/#\/schema\/logo\/image\/"}},{"@type":"WebSite","@id":"https:\/\/transgoodlojistik.com\/de\/#website","url":"https:\/\/transgoodlojistik.com\/de\/","name":"Transgood Logistics","description":"International Transport","publisher":{"@id":"https:\/\/transgoodlojistik.com\/de\/#organization"},"potentialAction":[{"@type":"SearchAction","target":{"@type":"EntryPoint","urlTemplate":"https:\/\/transgoodlojistik.com\/de\/?s={search_term_string}"},"query-input":"required name=search_term_string"}],"inLanguage":"tr"},{"@type":"WebPage","@id":"https:\/\/transgoodlojistik.com\/de\/nutzliche-links\/#webpage","url":"https:\/\/transgoodlojistik.com\/de\/nutzliche-links\/","name":"N\u00fctzliche Links - Transgood Logistics","isPartOf":{"@id":"https:\/\/transgoodlojistik.com\/de\/#website"},"datePublished":"2022-01-28T09:46:47+00:00","dateModified":"2022-08-06T15:38:06+00:00","breadcrumb":{"@id":"https:\/\/transgoodlojistik.com\/de\/nutzliche-links\/#breadcrumb"},"inLanguage":"tr","potentialAction":[{"@type":"ReadAction","target":["https:\/\/transgoodlojistik.com\/de\/nutzliche-links\/"]}]},{"@type":"BreadcrumbList","@id":"https:\/\/transgoodlojistik.com\/de\/nutzliche-links\/#breadcrumb","itemListElement":[{"@type":"ListItem","position":1,"name":"Anasayfa","item":"https:\/\/transgoodlojistik.com\/de\/"},{"@type":"ListItem","position":2,"name":"N\u00fctzliche Links"}]}]}},"_links":{"self":[{"href":"https:\/\/transgoodlojistik.com\/de\/wp-json\/wp\/v2\/pages\/7205"}],"collection":[{"href":"https:\/\/transgoodlojistik.com\/de\/wp-json\/wp\/v2\/pages"}],"about":[{"href":"https:\/\/transgoodlojistik.com\/de\/wp-json\/wp\/v2\/types\/page"}],"author":[{"embeddable":true,"href":"https:\/\/transgoodlojistik.com\/de\/wp-json\/wp\/v2\/users\/1"}],"replies":[{"embeddable":true,"href":"https:\/\/transgoodlojistik.com\/de\/wp-json\/wp\/v2\/comments?post=7205"}],"version-history":[{"count":9,"href":"https:\/\/transgoodlojistik.com\/de\/wp-json\/wp\/v2\/pages\/7205\/revisions"}],"predecessor-version":[{"id":7605,"href":"https:\/\/transgoodlojistik.com\/de\/wp-json\/wp\/v2\/pages\/7205\/revisions\/7605"}],"wp:attachment":[{"href":"https:\/\/transgoodlojistik.com\/de\/wp-json\/wp\/v2\/media?parent=7205"}],"curies":[{"name":"wp","href":"https:\/\/api.w.org\/{rel}","templated":true}]}}