{"id":7328,"date":"2022-06-08T21:48:20","date_gmt":"2022-06-08T21:48:20","guid":{"rendered":"https:\/\/transgoodlojistik.com\/2022\/?page_id=7328"},"modified":"2022-08-06T15:35:43","modified_gmt":"2022-08-06T15:35:43","slug":"informationssicherheit","status":"publish","type":"page","link":"https:\/\/transgoodlojistik.com\/de\/informationssicherheit\/","title":{"rendered":"Informationssicherheit"},"content":{"rendered":"[vc_row type=&#8221;full_width_background&#8221; full_screen_row_position=&#8221;middle&#8221; bg_color=&#8221;#121212&#8243; scene_position=&#8221;center&#8221; text_color=&#8221;light&#8221; text_align=&#8221;left&#8221; top_padding=&#8221;50&#8243; bottom_padding=&#8221;50&#8243; overlay_strength=&#8221;0.3&#8243; shape_divider_position=&#8221;bottom&#8221; bg_image_animation=&#8221;none&#8221; shape_type=&#8221;&#8221;][vc_column column_padding=&#8221;no-extra-padding&#8221; column_padding_position=&#8221;all&#8221; background_color_opacity=&#8221;1&#8243; background_hover_color_opacity=&#8221;1&#8243; column_link_target=&#8221;_self&#8221; column_shadow=&#8221;none&#8221; column_border_radius=&#8221;none&#8221; width=&#8221;1\/2&#8243; tablet_width_inherit=&#8221;default&#8221; tablet_text_alignment=&#8221;default&#8221; phone_text_alignment=&#8221;default&#8221; column_border_width=&#8221;none&#8221; column_border_style=&#8221;solid&#8221; bg_image_animation=&#8221;none&#8221;][vc_column_text]Um die kontinuierliche Weiterentwicklung unseres Informationssicherheits-Managementsystems innerhalb unserer Organisation sicherzustellen:<\/p>\n<p>Identifizieren von Informationswerten, Behandeln der gesch\u00e4ftlichen Auswirkungen dieser Werte: die Kosten f\u00fcr den Ersatz des Verm\u00f6genswerts, die Vertraulichkeit von Informationen, ihre Auswirkungen auf das Image und die Sch\u00e4den, die sie in Bezug auf gesetzliche und gesetzliche Verpflichtungen verursachen werden,<\/p>\n<p>Bedrohungswahrscheinlichkeit: Identifizieren, Bewerten und Bewerten von Risiken f\u00fcr die Vertraulichkeit, Integrit\u00e4t und den Zugriff auf Informationen, indem die Vielzahl von Schwachstellen angegangen wird und wie gut vorhandene Kontrollen diese Schwachstellen abdecken k\u00f6nnen, die Motivation des Angreifers, die Attraktivit\u00e4t von Informationen f\u00fcr Wettbewerber, Schwachstellen in Zugriffskontrollen und Bedrohungen der Informationsintegrit\u00e4t. die erforderlichen Kontrollen f\u00fcr alle Verm\u00f6genswerte zu implementieren, die Leistung von Informationssicherheitsprozessen zu messen, Ziele aus diesen Daten zu erstellen, unsere Schwachstellen und Bedrohungen durch Investitionen in Infrastruktur, Arbeitsumgebung, Hardware, Software und Schulungen zu minimieren, die Sicherheitsanforderungen zu erf\u00fcllen unser Gesch\u00e4ft, unsere Kunden und rechtlichen Rahmenbedingungen,<\/p>\n<p>Wir sind verpflichtet.[\/vc_column_text][\/vc_column][vc_column column_padding=&#8221;no-extra-padding&#8221; column_padding_position=&#8221;all&#8221; background_color_opacity=&#8221;1&#8243; background_hover_color_opacity=&#8221;1&#8243; column_link_target=&#8221;_self&#8221; column_shadow=&#8221;none&#8221; column_border_radius=&#8221;none&#8221; width=&#8221;1\/2&#8243; tablet_width_inherit=&#8221;default&#8221; tablet_text_alignment=&#8221;default&#8221; phone_text_alignment=&#8221;default&#8221; column_border_width=&#8221;none&#8221; column_border_style=&#8221;solid&#8221; bg_image_animation=&#8221;none&#8221;][image_with_animation image_url=&#8221;7329&#8243; alignment=&#8221;&#8221; animation=&#8221;Fade In&#8221; border_radius=&#8221;10px&#8221; box_shadow=&#8221;medium_depth&#8221; max_width=&#8221;100%&#8221;][\/vc_column][\/vc_row][vc_row type=&#8221;in_container&#8221; full_screen_row_position=&#8221;middle&#8221; scene_position=&#8221;center&#8221; text_color=&#8221;dark&#8221; text_align=&#8221;left&#8221; top_padding=&#8221;2%&#8221; bottom_padding=&#8221;2%&#8221; overlay_strength=&#8221;0.3&#8243; shape_divider_position=&#8221;bottom&#8221; bg_image_animation=&#8221;none&#8221; shape_type=&#8221;&#8221;][vc_column column_padding=&#8221;no-extra-padding&#8221; column_padding_position=&#8221;all&#8221; background_color_opacity=&#8221;1&#8243; background_hover_color_opacity=&#8221;1&#8243; column_link_target=&#8221;_self&#8221; column_shadow=&#8221;none&#8221; column_border_radius=&#8221;none&#8221; width=&#8221;1\/1&#8243; tablet_width_inherit=&#8221;default&#8221; tablet_text_alignment=&#8221;default&#8221; phone_text_alignment=&#8221;default&#8221; column_border_width=&#8221;none&#8221; column_border_style=&#8221;solid&#8221; bg_image_animation=&#8221;none&#8221;][vc_column_text]\n<div class=\"li-content\">\n<p>Die Richtlinien werden bei Management-Review-Meetings \u00fcberpr\u00fcft und bei Bedarf im Einklang mit den festgelegten Zielen \u00fcberarbeitet.<\/p>\n<p>Bei der Festlegung der Richtlinien in der Informationssicherheit; Es wird auch erl\u00e4utert, dass Vertraulichkeit, Integrit\u00e4t und Zug\u00e4nglichkeit bei der Verarbeitung, \u00dcbermittlung und Pflege der Informationen zugrunde gelegt werden, und der Risikomanagementansatz wird ebenfalls betont.<\/p>\n<\/div>\n[\/vc_column_text][\/vc_column][\/vc_row][vc_row type=&#8221;full_width_background&#8221; full_screen_row_position=&#8221;middle&#8221; bg_image=&#8221;7309&#8243; bg_position=&#8221;center center&#8221; bg_repeat=&#8221;no-repeat&#8221; scene_position=&#8221;center&#8221; text_color=&#8221;dark&#8221; text_align=&#8221;left&#8221; top_padding=&#8221;13%&#8221; bottom_padding=&#8221;9%&#8221; overlay_strength=&#8221;1&#8243; shape_divider_position=&#8221;top&#8221; shape_divider_height=&#8221;250&#8243; bg_image_animation=&#8221;fade-in&#8221; shape_type=&#8221;fan&#8221;][vc_column centered_text=&#8221;true&#8221; column_padding=&#8221;no-extra-padding&#8221; column_padding_position=&#8221;all&#8221; background_color_opacity=&#8221;1&#8243; background_hover_color_opacity=&#8221;1&#8243; column_link_target=&#8221;_self&#8221; column_shadow=&#8221;none&#8221; column_border_radius=&#8221;none&#8221; width=&#8221;1\/6&#8243; tablet_width_inherit=&#8221;default&#8221; tablet_text_alignment=&#8221;default&#8221; phone_text_alignment=&#8221;default&#8221; column_border_width=&#8221;none&#8221; column_border_style=&#8221;solid&#8221; bg_image_animation=&#8221;none&#8221;][\/vc_column][vc_column centered_text=&#8221;true&#8221; column_padding=&#8221;no-extra-padding&#8221; column_padding_position=&#8221;all&#8221; background_color_opacity=&#8221;1&#8243; background_hover_color_opacity=&#8221;1&#8243; column_link_target=&#8221;_self&#8221; column_shadow=&#8221;none&#8221; column_border_radius=&#8221;none&#8221; width=&#8221;2\/3&#8243; tablet_width_inherit=&#8221;default&#8221; tablet_text_alignment=&#8221;default&#8221; phone_text_alignment=&#8221;default&#8221; column_border_width=&#8221;none&#8221; column_border_style=&#8221;solid&#8221; bg_image_animation=&#8221;none&#8221;][vc_row_inner column_margin=&#8221;default&#8221; text_align=&#8221;left&#8221;][vc_column_inner column_padding=&#8221;no-extra-padding&#8221; column_padding_position=&#8221;all&#8221; centered_text=&#8221;true&#8221; background_color_opacity=&#8221;1&#8243; background_hover_color_opacity=&#8221;1&#8243; font_color=&#8221;#414142&#8243; column_shadow=&#8221;none&#8221; column_border_radius=&#8221;none&#8221; column_link_target=&#8221;_self&#8221; width=&#8221;1\/1&#8243; tablet_width_inherit=&#8221;default&#8221; column_border_width=&#8221;none&#8221; column_border_style=&#8221;solid&#8221; bg_image_animation=&#8221;none&#8221; enable_animation=&#8221;true&#8221; animation=&#8221;fade-in-from-bottom&#8221;][vc_column_text]\n<h2>\u201eIhr L\u00f6sungspartner f\u00fcr Transporte in jede Region der Welt.\u201c<\/h2>\n<p>info@transgoodlojistik.com[\/vc_column_text][\/vc_column_inner][\/vc_row_inner][vc_row_inner column_margin=&#8221;default&#8221; text_align=&#8221;left&#8221;][vc_column_inner column_padding=&#8221;no-extra-padding&#8221; column_padding_position=&#8221;all&#8221; background_color_opacity=&#8221;1&#8243; background_hover_color_opacity=&#8221;1&#8243; column_shadow=&#8221;none&#8221; column_border_radius=&#8221;none&#8221; column_link_target=&#8221;_self&#8221; width=&#8221;1\/1&#8243; tablet_width_inherit=&#8221;default&#8221; column_border_width=&#8221;none&#8221; column_border_style=&#8221;solid&#8221; bg_image_animation=&#8221;none&#8221; enable_animation=&#8221;true&#8221; animation=&#8221;fade-in-from-bottom&#8221; delay=&#8221;100&#8243;][image_with_animation image_url=&#8221;7472&#8243; alignment=&#8221;center&#8221; animation=&#8221;Fade In&#8221; border_radius=&#8221;none&#8221; box_shadow=&#8221;none&#8221; max_width=&#8221;100%&#8221;][\/vc_column_inner][\/vc_row_inner][\/vc_column][vc_column column_padding=&#8221;no-extra-padding&#8221; column_padding_position=&#8221;all&#8221; background_color_opacity=&#8221;1&#8243; background_hover_color_opacity=&#8221;1&#8243; column_link_target=&#8221;_self&#8221; column_shadow=&#8221;none&#8221; column_border_radius=&#8221;none&#8221; width=&#8221;1\/6&#8243; tablet_width_inherit=&#8221;default&#8221; tablet_text_alignment=&#8221;default&#8221; phone_text_alignment=&#8221;default&#8221; column_border_width=&#8221;none&#8221; column_border_style=&#8221;solid&#8221; bg_image_animation=&#8221;none&#8221;][\/vc_column][\/vc_row]\n","protected":false},"excerpt":{"rendered":"<p>[vc_row type=&#8221;full_width_background&#8221; full_screen_row_position=&#8221;middle&#8221; bg_color=&#8221;#121212&#8243; scene_position=&#8221;center&#8221; text_color=&#8221;light&#8221; text_align=&#8221;left&#8221; top_padding=&#8221;50&#8243; bottom_padding=&#8221;50&#8243; overlay_strength=&#8221;0.3&#8243; shape_divider_position=&#8221;bottom&#8221; bg_image_animation=&#8221;none&#8221; shape_type=&#8221;&#8221;][vc_column column_padding=&#8221;no-extra-padding&#8221; column_padding_position=&#8221;all&#8221; background_color_opacity=&#8221;1&#8243; background_hover_color_opacity=&#8221;1&#8243; column_link_target=&#8221;_self&#8221; column_shadow=&#8221;none&#8221; column_border_radius=&#8221;none&#8221; width=&#8221;1\/2&#8243; tablet_width_inherit=&#8221;default&#8221; tablet_text_alignment=&#8221;default&#8221; phone_text_alignment=&#8221;default&#8221; column_border_width=&#8221;none&#8221;&#8230;<\/p>\n","protected":false},"author":1,"featured_media":0,"parent":0,"menu_order":0,"comment_status":"closed","ping_status":"closed","template":"","meta":{"spay_email":""},"yoast_head":"<!-- This site is optimized with the Yoast SEO plugin v19.2 - https:\/\/yoast.com\/wordpress\/plugins\/seo\/ -->\n<title>Informationssicherheit - Transgood Logistics<\/title>\n<meta name=\"robots\" content=\"index, follow, max-snippet:-1, max-image-preview:large, max-video-preview:-1\" \/>\n<link rel=\"canonical\" href=\"https:\/\/transgoodlojistik.com\/de\/informationssicherheit\/\" \/>\n<meta property=\"og:locale\" content=\"tr_TR\" \/>\n<meta property=\"og:type\" content=\"article\" \/>\n<meta property=\"og:title\" content=\"Informationssicherheit - Transgood Logistics\" \/>\n<meta property=\"og:description\" content=\"[vc_row type=&#8221;full_width_background&#8221; full_screen_row_position=&#8221;middle&#8221; bg_color=&#8221;#121212&#8243; scene_position=&#8221;center&#8221; text_color=&#8221;light&#8221; text_align=&#8221;left&#8221; top_padding=&#8221;50&#8243; bottom_padding=&#8221;50&#8243; overlay_strength=&#8221;0.3&#8243; shape_divider_position=&#8221;bottom&#8221; bg_image_animation=&#8221;none&#8221; shape_type=&#8221;&#8221;][vc_column column_padding=&#8221;no-extra-padding&#8221; column_padding_position=&#8221;all&#8221; background_color_opacity=&#8221;1&#8243; background_hover_color_opacity=&#8221;1&#8243; column_link_target=&#8221;_self&#8221; column_shadow=&#8221;none&#8221; column_border_radius=&#8221;none&#8221; width=&#8221;1\/2&#8243; tablet_width_inherit=&#8221;default&#8221; tablet_text_alignment=&#8221;default&#8221; phone_text_alignment=&#8221;default&#8221; column_border_width=&#8221;none&#8221;...\" \/>\n<meta property=\"og:url\" content=\"https:\/\/transgoodlojistik.com\/de\/informationssicherheit\/\" \/>\n<meta property=\"og:site_name\" content=\"Transgood Logistics\" \/>\n<meta property=\"article:modified_time\" content=\"2022-08-06T15:35:43+00:00\" \/>\n<meta name=\"author\" content=\"transgood\" \/>\n<meta name=\"twitter:card\" content=\"summary_large_image\" \/>\n<meta name=\"twitter:label1\" content=\"Tahmini okuma s\u00fcresi\" \/>\n\t<meta name=\"twitter:data1\" content=\"3 dakika\" \/>\n<script type=\"application\/ld+json\" class=\"yoast-schema-graph\">{\"@context\":\"https:\/\/schema.org\",\"@graph\":[{\"@type\":\"Organization\",\"@id\":\"https:\/\/transgoodlojistik.com\/de\/#organization\",\"name\":\"Transgood Lojistik\",\"url\":\"https:\/\/transgoodlojistik.com\/de\/\",\"sameAs\":[],\"logo\":{\"@type\":\"ImageObject\",\"inLanguage\":\"tr\",\"@id\":\"https:\/\/transgoodlojistik.com\/de\/#\/schema\/logo\/image\/\",\"url\":\"https:\/\/transgoodlojistik.com\/de\/en\/wp-content\/uploads\/2022\/06\/TRANSGOOD-RAIL-1024x682.jpg\",\"contentUrl\":\"https:\/\/transgoodlojistik.com\/de\/en\/wp-content\/uploads\/2022\/06\/TRANSGOOD-RAIL-1024x682.jpg\",\"width\":1024,\"height\":682,\"caption\":\"Transgood Lojistik\"},\"image\":{\"@id\":\"https:\/\/transgoodlojistik.com\/de\/#\/schema\/logo\/image\/\"}},{\"@type\":\"WebSite\",\"@id\":\"https:\/\/transgoodlojistik.com\/de\/#website\",\"url\":\"https:\/\/transgoodlojistik.com\/de\/\",\"name\":\"Transgood Logistics\",\"description\":\"International Transport\",\"publisher\":{\"@id\":\"https:\/\/transgoodlojistik.com\/de\/#organization\"},\"potentialAction\":[{\"@type\":\"SearchAction\",\"target\":{\"@type\":\"EntryPoint\",\"urlTemplate\":\"https:\/\/transgoodlojistik.com\/de\/?s={search_term_string}\"},\"query-input\":\"required name=search_term_string\"}],\"inLanguage\":\"tr\"},{\"@type\":\"WebPage\",\"@id\":\"https:\/\/transgoodlojistik.com\/de\/informationssicherheit\/#webpage\",\"url\":\"https:\/\/transgoodlojistik.com\/de\/informationssicherheit\/\",\"name\":\"Informationssicherheit - Transgood Logistics\",\"isPartOf\":{\"@id\":\"https:\/\/transgoodlojistik.com\/de\/#website\"},\"datePublished\":\"2022-06-08T21:48:20+00:00\",\"dateModified\":\"2022-08-06T15:35:43+00:00\",\"breadcrumb\":{\"@id\":\"https:\/\/transgoodlojistik.com\/de\/informationssicherheit\/#breadcrumb\"},\"inLanguage\":\"tr\",\"potentialAction\":[{\"@type\":\"ReadAction\",\"target\":[\"https:\/\/transgoodlojistik.com\/de\/informationssicherheit\/\"]}]},{\"@type\":\"BreadcrumbList\",\"@id\":\"https:\/\/transgoodlojistik.com\/de\/informationssicherheit\/#breadcrumb\",\"itemListElement\":[{\"@type\":\"ListItem\",\"position\":1,\"name\":\"Anasayfa\",\"item\":\"https:\/\/transgoodlojistik.com\/de\/\"},{\"@type\":\"ListItem\",\"position\":2,\"name\":\"Informationssicherheit\"}]}]}<\/script>\n<!-- \/ Yoast SEO plugin. -->","yoast_head_json":{"title":"Informationssicherheit - Transgood Logistics","robots":{"index":"index","follow":"follow","max-snippet":"max-snippet:-1","max-image-preview":"max-image-preview:large","max-video-preview":"max-video-preview:-1"},"canonical":"https:\/\/transgoodlojistik.com\/de\/informationssicherheit\/","og_locale":"tr_TR","og_type":"article","og_title":"Informationssicherheit - Transgood Logistics","og_description":"[vc_row type=&#8221;full_width_background&#8221; full_screen_row_position=&#8221;middle&#8221; bg_color=&#8221;#121212&#8243; scene_position=&#8221;center&#8221; text_color=&#8221;light&#8221; text_align=&#8221;left&#8221; top_padding=&#8221;50&#8243; bottom_padding=&#8221;50&#8243; overlay_strength=&#8221;0.3&#8243; shape_divider_position=&#8221;bottom&#8221; bg_image_animation=&#8221;none&#8221; shape_type=&#8221;&#8221;][vc_column column_padding=&#8221;no-extra-padding&#8221; column_padding_position=&#8221;all&#8221; background_color_opacity=&#8221;1&#8243; background_hover_color_opacity=&#8221;1&#8243; column_link_target=&#8221;_self&#8221; column_shadow=&#8221;none&#8221; column_border_radius=&#8221;none&#8221; width=&#8221;1\/2&#8243; tablet_width_inherit=&#8221;default&#8221; tablet_text_alignment=&#8221;default&#8221; phone_text_alignment=&#8221;default&#8221; column_border_width=&#8221;none&#8221;...","og_url":"https:\/\/transgoodlojistik.com\/de\/informationssicherheit\/","og_site_name":"Transgood Logistics","article_modified_time":"2022-08-06T15:35:43+00:00","author":"transgood","twitter_card":"summary_large_image","twitter_misc":{"Tahmini okuma s\u00fcresi":"3 dakika"},"schema":{"@context":"https:\/\/schema.org","@graph":[{"@type":"Organization","@id":"https:\/\/transgoodlojistik.com\/de\/#organization","name":"Transgood Lojistik","url":"https:\/\/transgoodlojistik.com\/de\/","sameAs":[],"logo":{"@type":"ImageObject","inLanguage":"tr","@id":"https:\/\/transgoodlojistik.com\/de\/#\/schema\/logo\/image\/","url":"https:\/\/transgoodlojistik.com\/de\/en\/wp-content\/uploads\/2022\/06\/TRANSGOOD-RAIL-1024x682.jpg","contentUrl":"https:\/\/transgoodlojistik.com\/de\/en\/wp-content\/uploads\/2022\/06\/TRANSGOOD-RAIL-1024x682.jpg","width":1024,"height":682,"caption":"Transgood Lojistik"},"image":{"@id":"https:\/\/transgoodlojistik.com\/de\/#\/schema\/logo\/image\/"}},{"@type":"WebSite","@id":"https:\/\/transgoodlojistik.com\/de\/#website","url":"https:\/\/transgoodlojistik.com\/de\/","name":"Transgood Logistics","description":"International Transport","publisher":{"@id":"https:\/\/transgoodlojistik.com\/de\/#organization"},"potentialAction":[{"@type":"SearchAction","target":{"@type":"EntryPoint","urlTemplate":"https:\/\/transgoodlojistik.com\/de\/?s={search_term_string}"},"query-input":"required name=search_term_string"}],"inLanguage":"tr"},{"@type":"WebPage","@id":"https:\/\/transgoodlojistik.com\/de\/informationssicherheit\/#webpage","url":"https:\/\/transgoodlojistik.com\/de\/informationssicherheit\/","name":"Informationssicherheit - Transgood Logistics","isPartOf":{"@id":"https:\/\/transgoodlojistik.com\/de\/#website"},"datePublished":"2022-06-08T21:48:20+00:00","dateModified":"2022-08-06T15:35:43+00:00","breadcrumb":{"@id":"https:\/\/transgoodlojistik.com\/de\/informationssicherheit\/#breadcrumb"},"inLanguage":"tr","potentialAction":[{"@type":"ReadAction","target":["https:\/\/transgoodlojistik.com\/de\/informationssicherheit\/"]}]},{"@type":"BreadcrumbList","@id":"https:\/\/transgoodlojistik.com\/de\/informationssicherheit\/#breadcrumb","itemListElement":[{"@type":"ListItem","position":1,"name":"Anasayfa","item":"https:\/\/transgoodlojistik.com\/de\/"},{"@type":"ListItem","position":2,"name":"Informationssicherheit"}]}]}},"_links":{"self":[{"href":"https:\/\/transgoodlojistik.com\/de\/wp-json\/wp\/v2\/pages\/7328"}],"collection":[{"href":"https:\/\/transgoodlojistik.com\/de\/wp-json\/wp\/v2\/pages"}],"about":[{"href":"https:\/\/transgoodlojistik.com\/de\/wp-json\/wp\/v2\/types\/page"}],"author":[{"embeddable":true,"href":"https:\/\/transgoodlojistik.com\/de\/wp-json\/wp\/v2\/users\/1"}],"replies":[{"embeddable":true,"href":"https:\/\/transgoodlojistik.com\/de\/wp-json\/wp\/v2\/comments?post=7328"}],"version-history":[{"count":7,"href":"https:\/\/transgoodlojistik.com\/de\/wp-json\/wp\/v2\/pages\/7328\/revisions"}],"predecessor-version":[{"id":7603,"href":"https:\/\/transgoodlojistik.com\/de\/wp-json\/wp\/v2\/pages\/7328\/revisions\/7603"}],"wp:attachment":[{"href":"https:\/\/transgoodlojistik.com\/de\/wp-json\/wp\/v2\/media?parent=7328"}],"curies":[{"name":"wp","href":"https:\/\/api.w.org\/{rel}","templated":true}]}}